{"id":1893,"date":"2020-08-24T13:56:46","date_gmt":"2020-08-24T11:56:46","guid":{"rendered":"http:\/\/kronsafety.com\/shop\/?post_type=product&#038;p=1893"},"modified":"2020-08-24T14:12:09","modified_gmt":"2020-08-24T12:12:09","slug":"sitzgurt-treerex-triple-lock","status":"publish","type":"product","link":"https:\/\/kronsafety.com\/shop\/produkt\/sitzgurt-treerex-triple-lock\/","title":{"rendered":"Sitzgurt TREEREX TRIPLE LOCK"},"content":{"rendered":"<p>Der vielseitigste Baumklettergurt aller Zeiten. Mit vielf\u00e4ltigen Seilbr\u00fccken-Konfigurationen und optionaler SRT-BRIDGE f\u00fcr ein sicheres und komfortables Arbeiten am Einfachstrang. Die innovative 3D-Vent Technologie sorgt in Kombination mit der breiten, halbstarren Polsterung f\u00fcr einen un\u00fcbertroffenen H\u00e4ngekomfort bei gleichzeitig guter Luftdurchl\u00e4ssigkeit. Vier gro\u00dfe Materialschlaufen, zahlreiche Befestigungsm\u00f6glichkeiten f\u00fcr Materialkarabiner sowie eine Vorrichtung f\u00fcr die Motors\u00e4genaufh\u00e4ngung runden das Gesamtpaket dieses einzigartigen Klettergurtes ab.<\/p>\n","protected":false},"excerpt":{"rendered":"<p>https:\/\/www.youtube.com\/watch?v=g6uq2t7EiJY&amp;feature=youtu.be<\/p>\n","protected":false},"featured_media":1895,"template":"","meta":[],"product_cat":[58],"product_tag":[],"_links":{"self":[{"href":"https:\/\/kronsafety.com\/shop\/wp-json\/wp\/v2\/product\/1893"}],"collection":[{"href":"https:\/\/kronsafety.com\/shop\/wp-json\/wp\/v2\/product"}],"about":[{"href":"https:\/\/kronsafety.com\/shop\/wp-json\/wp\/v2\/types\/product"}],"wp:featuredmedia":[{"embeddable":true,"href":"https:\/\/kronsafety.com\/shop\/wp-json\/wp\/v2\/media\/1895"}],"wp:attachment":[{"href":"https:\/\/kronsafety.com\/shop\/wp-json\/wp\/v2\/media?parent=1893"}],"wp:term":[{"taxonomy":"product_cat","embeddable":true,"href":"https:\/\/kronsafety.com\/shop\/wp-json\/wp\/v2\/product_cat?post=1893"},{"taxonomy":"product_tag","embeddable":true,"href":"https:\/\/kronsafety.com\/shop\/wp-json\/wp\/v2\/product_tag?post=1893"}],"curies":[{"name":"wp","href":"https:\/\/api.w.org\/{rel}","templated":true}]}}