{"id":1899,"date":"2020-08-24T14:06:16","date_gmt":"2020-08-24T12:06:16","guid":{"rendered":"http:\/\/kronsafety.com\/shop\/?post_type=product&#038;p=1899"},"modified":"2020-08-24T14:11:41","modified_gmt":"2020-08-24T12:11:41","slug":"sitzgurt-treerex-triple-lock-kopie","status":"publish","type":"product","link":"https:\/\/kronsafety.com\/shop\/produkt\/sitzgurt-treerex-triple-lock-kopie\/","title":{"rendered":"Brustgurt TREEREX BUNGEE CHEST"},"content":{"rendered":"<p>Gr\u00f6\u00dfenverstellbarer Brustgurt f\u00fcr den komfortablen Aufstieg am Einfachseil nach der SRT-Technik. Keine PSA.<br \/>\n3D-Mesh Polsterung f\u00fcr maximalen Tragekomfort und verbesserte Luftzirkulation<br \/>\nDiverse Befestigungsschlaufen zur Fixation des mitlaufenden Auffangger\u00e4tes<br \/>\nEinstellbare Elastikkordel zum Nachziehen einer Kniesteigklemme<br \/>\nKann direkt mit dem H\u00fcftgurt des TREE REX Baumklettergurt verbunden<\/p>\n","protected":false},"excerpt":{"rendered":"<p>Gr\u00f6\u00dfenverstellbarer Brustgurt f\u00fcr den komfortablen Aufstieg am Einfachseil nach der SRT-Technik. Keine PSA. 3D-Mesh Polsterung f\u00fcr maximalen Tragekomfort und verbesserte Luftzirkulation Diverse Befestigungsschlaufen zur Fixation des mitlaufenden Auffangger\u00e4tes Einstellbare Elastikkordel zum Nachziehen einer Kniesteigklemme Kann direkt mit dem H\u00fcftgurt des TREE REX Baumklettergurt verbunden<\/p>\n","protected":false},"featured_media":1904,"template":"","meta":[],"product_cat":[58],"product_tag":[],"_links":{"self":[{"href":"https:\/\/kronsafety.com\/shop\/wp-json\/wp\/v2\/product\/1899"}],"collection":[{"href":"https:\/\/kronsafety.com\/shop\/wp-json\/wp\/v2\/product"}],"about":[{"href":"https:\/\/kronsafety.com\/shop\/wp-json\/wp\/v2\/types\/product"}],"wp:featuredmedia":[{"embeddable":true,"href":"https:\/\/kronsafety.com\/shop\/wp-json\/wp\/v2\/media\/1904"}],"wp:attachment":[{"href":"https:\/\/kronsafety.com\/shop\/wp-json\/wp\/v2\/media?parent=1899"}],"wp:term":[{"taxonomy":"product_cat","embeddable":true,"href":"https:\/\/kronsafety.com\/shop\/wp-json\/wp\/v2\/product_cat?post=1899"},{"taxonomy":"product_tag","embeddable":true,"href":"https:\/\/kronsafety.com\/shop\/wp-json\/wp\/v2\/product_tag?post=1899"}],"curies":[{"name":"wp","href":"https:\/\/api.w.org\/{rel}","templated":true}]}}