{"id":1916,"date":"2020-08-24T14:27:17","date_gmt":"2020-08-24T12:27:17","guid":{"rendered":"http:\/\/kronsafety.com\/shop\/?post_type=product&#038;p=1916"},"modified":"2020-08-24T14:55:16","modified_gmt":"2020-08-24T12:55:16","slug":"sitzgurt-sequoia-srt-harness-kopie","status":"publish","type":"product","link":"https:\/\/kronsafety.com\/shop\/produkt\/sitzgurt-sequoia-srt-harness-kopie\/","title":{"rendered":"Brustgurt CHEST HARNESS TOP CROLL S"},"content":{"rendered":"<p>Der TOP CROLL S-Brustgurt mit integrierter CROLL S-Bruststeigklemme erweitert die Sitz- und Haltegurte ASTRO SIT FAST, AVAO SIT, AVAO SIT FAST, FALCON und FALCON ASCENT zu Gurten f\u00fcr schwer zug\u00e4ngliche Bereiche. Die sternale \u00d6se aus Gurtband tr\u00e4gt zur Optimierung von Gewicht und Packma\u00df bei. Durch die ergonomische Form der schaumstoffgepolsterten Schultertr\u00e4ger werden Reibungspunkte an Nacken oder Hals reduziert. Bei Belastung des H\u00fcftgurts wird die Last auf die Schultertr\u00e4ger \u00fcbertragen und auf die Schultern verteilt. Die r\u00fcckseitige Befestigung an beiden Seiten des H\u00fcftgurts sorgt f\u00fcr stabilen Halt.<br \/>\nEN361 nur mit Sitzgurt<\/p>\n","protected":false},"excerpt":{"rendered":"<p>Der TOP CROLL S-Brustgurt mit integrierter CROLL S-Bruststeigklemme erweitert die Sitz- und Haltegurte ASTRO SIT FAST, AVAO SIT, AVAO SIT FAST, FALCON und FALCON ASCENT zu Gurten f\u00fcr schwer zug\u00e4ngliche Bereiche. Die sternale \u00d6se aus Gurtband tr\u00e4gt zur Optimierung von Gewicht und Packma\u00df bei. Durch die ergonomische Form der schaumstoffgepolsterten Schultertr\u00e4ger werden Reibungspunkte an Nacken [&hellip;]<\/p>\n","protected":false},"featured_media":1926,"template":"","meta":[],"product_cat":[58],"product_tag":[],"_links":{"self":[{"href":"https:\/\/kronsafety.com\/shop\/wp-json\/wp\/v2\/product\/1916"}],"collection":[{"href":"https:\/\/kronsafety.com\/shop\/wp-json\/wp\/v2\/product"}],"about":[{"href":"https:\/\/kronsafety.com\/shop\/wp-json\/wp\/v2\/types\/product"}],"wp:featuredmedia":[{"embeddable":true,"href":"https:\/\/kronsafety.com\/shop\/wp-json\/wp\/v2\/media\/1926"}],"wp:attachment":[{"href":"https:\/\/kronsafety.com\/shop\/wp-json\/wp\/v2\/media?parent=1916"}],"wp:term":[{"taxonomy":"product_cat","embeddable":true,"href":"https:\/\/kronsafety.com\/shop\/wp-json\/wp\/v2\/product_cat?post=1916"},{"taxonomy":"product_tag","embeddable":true,"href":"https:\/\/kronsafety.com\/shop\/wp-json\/wp\/v2\/product_tag?post=1916"}],"curies":[{"name":"wp","href":"https:\/\/api.w.org\/{rel}","templated":true}]}}