{"id":1940,"date":"2020-08-24T15:04:49","date_gmt":"2020-08-24T13:04:49","guid":{"rendered":"http:\/\/kronsafety.com\/shop\/?post_type=product&#038;p=1940"},"modified":"2020-08-24T15:07:37","modified_gmt":"2020-08-24T13:07:37","slug":"sitzgurt-treemotion-evo-kopie","status":"publish","type":"product","link":"https:\/\/kronsafety.com\/shop\/produkt\/sitzgurt-treemotion-evo-kopie\/","title":{"rendered":"Sitzgurt TREEMOTION S.LIGHT Gr. UNI"},"content":{"rendered":"<p>Der treeMOTION S.light ist die light-Version des beliebten treeMOTION Gurtes.<br \/>\nAuch der S.light ist mit 120 kg gepr\u00fcft und weist die Sicherheitsn\u00e4hte an den Enden der Seilbr\u00fccke auf. Der R\u00fcckenring ist bei dieser Variante weiterhin rot und daher nur zum Anh\u00e4ngen von Material geeignet.<br \/>\nDurch das d\u00fcnnere Material und den leichteren Schnallen zum Verstellen, ist dieser Gurt extrem leicht und eignet sich daher f\u00fcr Arbeiten, die ein wiederholtes Auf- und Absteigen verlangen. Er passt sich dem K\u00f6rper perfekt an und behindert nicht beim Klettern.<br \/>\nDurch die austauschbaren Verschlei\u00dfteile l\u00e4sst sich die volle Lebensdauer optimal ausnutzen. Austauschbar sind.<\/p>\n","protected":false},"excerpt":{"rendered":"<p>Der treeMOTION S.light ist die light-Version des beliebten treeMOTION Gurtes. Auch der S.light ist mit 120 kg gepr\u00fcft und weist die Sicherheitsn\u00e4hte an den Enden der Seilbr\u00fccke auf. Der R\u00fcckenring ist bei dieser Variante weiterhin rot und daher nur zum Anh\u00e4ngen von Material geeignet. Durch das d\u00fcnnere Material und den leichteren Schnallen zum Verstellen, ist [&hellip;]<\/p>\n","protected":false},"featured_media":1941,"template":"","meta":[],"product_cat":[58],"product_tag":[],"_links":{"self":[{"href":"https:\/\/kronsafety.com\/shop\/wp-json\/wp\/v2\/product\/1940"}],"collection":[{"href":"https:\/\/kronsafety.com\/shop\/wp-json\/wp\/v2\/product"}],"about":[{"href":"https:\/\/kronsafety.com\/shop\/wp-json\/wp\/v2\/types\/product"}],"wp:featuredmedia":[{"embeddable":true,"href":"https:\/\/kronsafety.com\/shop\/wp-json\/wp\/v2\/media\/1941"}],"wp:attachment":[{"href":"https:\/\/kronsafety.com\/shop\/wp-json\/wp\/v2\/media?parent=1940"}],"wp:term":[{"taxonomy":"product_cat","embeddable":true,"href":"https:\/\/kronsafety.com\/shop\/wp-json\/wp\/v2\/product_cat?post=1940"},{"taxonomy":"product_tag","embeddable":true,"href":"https:\/\/kronsafety.com\/shop\/wp-json\/wp\/v2\/product_tag?post=1940"}],"curies":[{"name":"wp","href":"https:\/\/api.w.org\/{rel}","templated":true}]}}