{"id":1965,"date":"2020-08-24T15:57:22","date_gmt":"2020-08-24T13:57:22","guid":{"rendered":"http:\/\/kronsafety.com\/shop\/?post_type=product&#038;p=1965"},"modified":"2020-08-24T16:00:19","modified_gmt":"2020-08-24T14:00:19","slug":"rettungsdreieck-bermude-rescue-triangle","status":"publish","type":"product","link":"https:\/\/kronsafety.com\/shop\/produkt\/rettungsdreieck-bermude-rescue-triangle\/","title":{"rendered":"Rettungsdreieck BERMUDE RESCUE TRIANGLE"},"content":{"rendered":"<p>Das BERMUDE-Rettungsdreieck ohne Schultertr\u00e4ger ist sehr einfach anzulegen und l\u00e4sst sich unterschiedlichen K\u00f6rpergr\u00f6\u00dfen anpassen.<\/p>\n","protected":false},"excerpt":{"rendered":"<p>Das BERMUDE-Rettungsdreieck ohne Schultertr\u00e4ger ist sehr einfach anzulegen und l\u00e4sst sich unterschiedlichen K\u00f6rpergr\u00f6\u00dfen anpassen.<\/p>\n","protected":false},"featured_media":1966,"template":"","meta":[],"product_cat":[63],"product_tag":[],"_links":{"self":[{"href":"https:\/\/kronsafety.com\/shop\/wp-json\/wp\/v2\/product\/1965"}],"collection":[{"href":"https:\/\/kronsafety.com\/shop\/wp-json\/wp\/v2\/product"}],"about":[{"href":"https:\/\/kronsafety.com\/shop\/wp-json\/wp\/v2\/types\/product"}],"wp:featuredmedia":[{"embeddable":true,"href":"https:\/\/kronsafety.com\/shop\/wp-json\/wp\/v2\/media\/1966"}],"wp:attachment":[{"href":"https:\/\/kronsafety.com\/shop\/wp-json\/wp\/v2\/media?parent=1965"}],"wp:term":[{"taxonomy":"product_cat","embeddable":true,"href":"https:\/\/kronsafety.com\/shop\/wp-json\/wp\/v2\/product_cat?post=1965"},{"taxonomy":"product_tag","embeddable":true,"href":"https:\/\/kronsafety.com\/shop\/wp-json\/wp\/v2\/product_tag?post=1965"}],"curies":[{"name":"wp","href":"https:\/\/api.w.org\/{rel}","templated":true}]}}