{"id":1970,"date":"2020-08-24T16:16:49","date_gmt":"2020-08-24T14:16:49","guid":{"rendered":"http:\/\/kronsafety.com\/shop\/?post_type=product&#038;p=1970"},"modified":"2020-08-24T16:18:19","modified_gmt":"2020-08-24T14:18:19","slug":"hundegurt-kronos","status":"publish","type":"product","link":"https:\/\/kronsafety.com\/shop\/produkt\/hundegurt-kronos\/","title":{"rendered":"Hundegurt KRONOS"},"content":{"rendered":"<p>Eigens f\u00fcr Rettungshunde konzipierter H\u00e4ngegurt. Kann von allen Hunden getragen werden, die gew\u00f6hnlich f\u00fcr diese Zwecke zum Einsatz kommen. Eine einzige verstellbare Gr\u00f6\u00dfe. Die Struktur wurde f\u00fcr die bestm\u00f6gliche H\u00e4ngeposition konzipiert. Hinterer Teil f\u00fcr Bodeneins\u00e4tze abnehmbar. Hochsichtbare Farben, GPS-Tasche, Taschen f\u00fcr RECCO\u00ae-Platten.<\/p>\n","protected":false},"excerpt":{"rendered":"<p>Eigens f\u00fcr Rettungshunde konzipierter H\u00e4ngegurt. Kann von allen Hunden getragen werden, die gew\u00f6hnlich f\u00fcr diese Zwecke zum Einsatz kommen. Eine einzige verstellbare Gr\u00f6\u00dfe. Die Struktur wurde f\u00fcr die bestm\u00f6gliche H\u00e4ngeposition konzipiert. Hinterer Teil f\u00fcr Bodeneins\u00e4tze abnehmbar. Hochsichtbare Farben, GPS-Tasche, Taschen f\u00fcr RECCO\u00ae-Platten.<\/p>\n","protected":false},"featured_media":1971,"template":"","meta":[],"product_cat":[75],"product_tag":[],"_links":{"self":[{"href":"https:\/\/kronsafety.com\/shop\/wp-json\/wp\/v2\/product\/1970"}],"collection":[{"href":"https:\/\/kronsafety.com\/shop\/wp-json\/wp\/v2\/product"}],"about":[{"href":"https:\/\/kronsafety.com\/shop\/wp-json\/wp\/v2\/types\/product"}],"wp:featuredmedia":[{"embeddable":true,"href":"https:\/\/kronsafety.com\/shop\/wp-json\/wp\/v2\/media\/1971"}],"wp:attachment":[{"href":"https:\/\/kronsafety.com\/shop\/wp-json\/wp\/v2\/media?parent=1970"}],"wp:term":[{"taxonomy":"product_cat","embeddable":true,"href":"https:\/\/kronsafety.com\/shop\/wp-json\/wp\/v2\/product_cat?post=1970"},{"taxonomy":"product_tag","embeddable":true,"href":"https:\/\/kronsafety.com\/shop\/wp-json\/wp\/v2\/product_tag?post=1970"}],"curies":[{"name":"wp","href":"https:\/\/api.w.org\/{rel}","templated":true}]}}