{"id":2006,"date":"2020-08-25T09:17:33","date_gmt":"2020-08-25T07:17:33","guid":{"rendered":"http:\/\/kronsafety.com\/shop\/?post_type=product&#038;p=2006"},"modified":"2020-09-28T15:51:16","modified_gmt":"2020-09-28T13:51:16","slug":"helm-vertex-vent-kopie","status":"publish","type":"product","link":"https:\/\/kronsafety.com\/shop\/produkt\/helm-vertex-vent-kopie\/","title":{"rendered":"Helm VERTEX VENT"},"content":{"rendered":"<p class=\"productSubtitle\">Komfortabler, bel\u00fcfteter Helm<\/p>\n<div class=\"productCaracteristiquesPosition inlineblock\">\n<p class=\"productCaracteristiques inlineblock\">Der VERTEX VENT-Helm gew\u00e4hrleistet hohen Tragekomfort dank seiner 6-Punkt-Textilaufh\u00e4ngung und den CENTERFIT- und FLIP&amp;FIT-Systemen, die f\u00fcr einen ausgezeichneten Halt des Helms auf dem Kopf sorgen. Dank seines Kinnbands mit anpassbarer Haltekraft ist er sowohl f\u00fcr Arbeiten in der H\u00f6he als auch am Boden geeignet. Er verf\u00fcgt \u00fcber L\u00fcftungs\u00f6ffnungen mit Schiebeklappen zur Bel\u00fcftung des Helms. Die optimale Integration einer Petzl-Stirnlampe, eines Visiers, von standardm\u00e4\u00dfigem Geh\u00f6rschutz und zahlreichen Zubeh\u00f6ren machen ihn zu einem modularen Helm, der die zus\u00e4tzlichen Anforderungen professioneller Anwender erf\u00fcllt.<\/p>\n<p><iframe loading=\"lazy\" title=\"Helmet accessories\" src=\"https:\/\/player.vimeo.com\/video\/330035175?dnt=1&amp;app_id=122963\" width=\"980\" height=\"551\" frameborder=\"0\" allow=\"autoplay; fullscreen\" allowfullscreen><\/iframe><\/p>\n<\/div>\n","protected":false},"excerpt":{"rendered":"<p>https:\/\/vimeo.com\/330035664<\/p>\n","protected":false},"featured_media":2014,"template":"","meta":[],"product_cat":[451,79],"product_tag":[],"_links":{"self":[{"href":"https:\/\/kronsafety.com\/shop\/wp-json\/wp\/v2\/product\/2006"}],"collection":[{"href":"https:\/\/kronsafety.com\/shop\/wp-json\/wp\/v2\/product"}],"about":[{"href":"https:\/\/kronsafety.com\/shop\/wp-json\/wp\/v2\/types\/product"}],"wp:featuredmedia":[{"embeddable":true,"href":"https:\/\/kronsafety.com\/shop\/wp-json\/wp\/v2\/media\/2014"}],"wp:attachment":[{"href":"https:\/\/kronsafety.com\/shop\/wp-json\/wp\/v2\/media?parent=2006"}],"wp:term":[{"taxonomy":"product_cat","embeddable":true,"href":"https:\/\/kronsafety.com\/shop\/wp-json\/wp\/v2\/product_cat?post=2006"},{"taxonomy":"product_tag","embeddable":true,"href":"https:\/\/kronsafety.com\/shop\/wp-json\/wp\/v2\/product_tag?post=2006"}],"curies":[{"name":"wp","href":"https:\/\/api.w.org\/{rel}","templated":true}]}}