{"id":2062,"date":"2020-08-25T11:02:46","date_gmt":"2020-08-25T09:02:46","guid":{"rendered":"http:\/\/kronsafety.com\/shop\/?post_type=product&#038;p=2062"},"modified":"2020-09-28T15:36:56","modified_gmt":"2020-09-28T13:36:56","slug":"helm-strato-vent","status":"publish","type":"product","link":"https:\/\/kronsafety.com\/shop\/produkt\/helm-strato-vent\/","title":{"rendered":"Helm STRATO VENT"},"content":{"rendered":"<p>Der sehr leichte STRATO VENT-Helm bietet guten Tragekomfort dank der CENTERFIT- und FLIP&amp;FIT-Systeme, die f\u00fcr einen ausgezeichneten Halt des Helms auf dem Kopf sorgen. Dank seines Kinnbands mit anpassbarer Haltekraft ist er sowohl f\u00fcr Arbeiten in der H\u00f6he als auch am Boden geeignet. Er ist mit L\u00fcftungs\u00f6ffnungen versehen, die f\u00fcr eine gute Bel\u00fcftung des Helms sorgen. Die optimale Integration einer Petzl-Stirnlampe, eines Visiers, von standardm\u00e4\u00dfigem Geh\u00f6rschutz und zahlreichen Zubeh\u00f6ren machen ihn zu einem modularen Helm, der die zus\u00e4tzlichen Anforderungen professioneller Anwender erf\u00fcllt.<\/p>\n<p><iframe loading=\"lazy\" title=\"Helmet accessories\" src=\"https:\/\/player.vimeo.com\/video\/330035175?dnt=1&amp;app_id=122963\" width=\"980\" height=\"551\" frameborder=\"0\" allow=\"autoplay; fullscreen\" allowfullscreen><\/iframe><\/p>\n","protected":false},"excerpt":{"rendered":"<p>https:\/\/vimeo.com\/330035392<\/p>\n","protected":false},"featured_media":2074,"template":"","meta":[],"product_cat":[451,79],"product_tag":[],"_links":{"self":[{"href":"https:\/\/kronsafety.com\/shop\/wp-json\/wp\/v2\/product\/2062"}],"collection":[{"href":"https:\/\/kronsafety.com\/shop\/wp-json\/wp\/v2\/product"}],"about":[{"href":"https:\/\/kronsafety.com\/shop\/wp-json\/wp\/v2\/types\/product"}],"wp:featuredmedia":[{"embeddable":true,"href":"https:\/\/kronsafety.com\/shop\/wp-json\/wp\/v2\/media\/2074"}],"wp:attachment":[{"href":"https:\/\/kronsafety.com\/shop\/wp-json\/wp\/v2\/media?parent=2062"}],"wp:term":[{"taxonomy":"product_cat","embeddable":true,"href":"https:\/\/kronsafety.com\/shop\/wp-json\/wp\/v2\/product_cat?post=2062"},{"taxonomy":"product_tag","embeddable":true,"href":"https:\/\/kronsafety.com\/shop\/wp-json\/wp\/v2\/product_tag?post=2062"}],"curies":[{"name":"wp","href":"https:\/\/api.w.org\/{rel}","templated":true}]}}