{"id":2087,"date":"2020-08-26T12:23:21","date_gmt":"2020-08-26T10:23:21","guid":{"rendered":"http:\/\/kronsafety.com\/shop\/?post_type=product&#038;p=2087"},"modified":"2020-09-28T15:58:31","modified_gmt":"2020-09-28T13:58:31","slug":"helm-spin","status":"publish","type":"product","link":"https:\/\/kronsafety.com\/shop\/produkt\/helm-spin\/","title":{"rendered":"Helm SPIN"},"content":{"rendered":"<p>Neuer professioneller, extrem sto\u00dfd\u00e4mpfender Helm.<br \/>\nZertifiziert nach ANSI Z89.1-2009 und CE EN 397.<br \/>\nKomfortabler und gut bel\u00fcfteter Innenraum, der eine perfekte Passform garantiert. Herausnehmbare und waschbare Polsterung.<br \/>\nM\u00f6glichkeit zum Anbringen von Visier und Geh\u00f6rschutz dank integrierter \u00d6ffnungen. Ausgestattet mit 4 Stirnlampenhalterungen.<br \/>\nUniversalgr\u00f6\u00dfe, nur 385g!<\/p>\n","protected":false},"excerpt":{"rendered":"<p>Neuer professioneller, extrem sto\u00dfd\u00e4mpfender Helm. Zertifiziert nach ANSI Z89.1-2009 und CE EN 397. Komfortabler und gut bel\u00fcfteter Innenraum, der eine perfekte Passform garantiert. Herausnehmbare und waschbare Polsterung. M\u00f6glichkeit zum Anbringen von Visier und Geh\u00f6rschutz dank integrierter \u00d6ffnungen. Ausgestattet mit 4 Stirnlampenhalterungen. Universalgr\u00f6\u00dfe, nur 385g!<\/p>\n","protected":false},"featured_media":2088,"template":"","meta":[],"product_cat":[451,79],"product_tag":[],"_links":{"self":[{"href":"https:\/\/kronsafety.com\/shop\/wp-json\/wp\/v2\/product\/2087"}],"collection":[{"href":"https:\/\/kronsafety.com\/shop\/wp-json\/wp\/v2\/product"}],"about":[{"href":"https:\/\/kronsafety.com\/shop\/wp-json\/wp\/v2\/types\/product"}],"wp:featuredmedia":[{"embeddable":true,"href":"https:\/\/kronsafety.com\/shop\/wp-json\/wp\/v2\/media\/2088"}],"wp:attachment":[{"href":"https:\/\/kronsafety.com\/shop\/wp-json\/wp\/v2\/media?parent=2087"}],"wp:term":[{"taxonomy":"product_cat","embeddable":true,"href":"https:\/\/kronsafety.com\/shop\/wp-json\/wp\/v2\/product_cat?post=2087"},{"taxonomy":"product_tag","embeddable":true,"href":"https:\/\/kronsafety.com\/shop\/wp-json\/wp\/v2\/product_tag?post=2087"}],"curies":[{"name":"wp","href":"https:\/\/api.w.org\/{rel}","templated":true}]}}