{"id":2103,"date":"2020-08-26T13:18:28","date_gmt":"2020-08-26T11:18:28","guid":{"rendered":"http:\/\/kronsafety.com\/shop\/?post_type=product&#038;p=2103"},"modified":"2020-09-28T16:10:03","modified_gmt":"2020-09-28T14:10:03","slug":"helm-mouse-work","status":"publish","type":"product","link":"https:\/\/kronsafety.com\/shop\/produkt\/helm-mouse-work\/","title":{"rendered":"Helm MOUSE WORK"},"content":{"rendered":"<p>&#8211; Arbeitsschutzhelm, Industrieschutzhelm und Bauhelm. Leichter Helm mit gutem Tragekomfort, guter Bel\u00fcftung und Einstellrad.<br \/>\n&#8211; Verschluss \u00f6ffnet sich beim Absturz zwischen 15 und 25 daN (Norm Industrieschutzhelme EN 397), um vor Erstickung zu sch\u00fctzen.<br \/>\n&#8211; Einfach verstellbares Einstellrad, kann sogar mit Handschuhen gut bedient werden.<br \/>\n&#8211; Mit Bel\u00fcftungsschlitzen.<br \/>\n&#8211; Mit Stirnlampenhalterung.<br \/>\n&#8211; Entsprechende \u00d6ffnungen erm\u00f6glichen das Anbringen von Visier, Geh\u00f6rschutz und Radio.<br \/>\n&#8211; Helm mit Innengurtband-Ausstattung und abnehmbarer und waschbarer Polsterung.<br \/>\n&#8211; Universalgr\u00f6\u00dfe (52-64 cm).<br \/>\n&#8211; In verschiedenen Farben erh\u00e4ltlich<\/p>\n","protected":false},"excerpt":{"rendered":"<p>&#8211; Arbeitsschutzhelm, Industrieschutzhelm und Bauhelm. Leichter Helm mit gutem Tragekomfort, guter Bel\u00fcftung und Einstellrad. &#8211; Verschluss \u00f6ffnet sich beim Absturz zwischen 15 und 25 daN (Norm Industrieschutzhelme EN 397), um vor Erstickung zu sch\u00fctzen. &#8211; Einfach verstellbares Einstellrad, kann sogar mit Handschuhen gut bedient werden. &#8211; Mit Bel\u00fcftungsschlitzen. &#8211; Mit Stirnlampenhalterung. &#8211; Entsprechende \u00d6ffnungen erm\u00f6glichen [&hellip;]<\/p>\n","protected":false},"featured_media":2119,"template":"","meta":[],"product_cat":[451,79],"product_tag":[],"_links":{"self":[{"href":"https:\/\/kronsafety.com\/shop\/wp-json\/wp\/v2\/product\/2103"}],"collection":[{"href":"https:\/\/kronsafety.com\/shop\/wp-json\/wp\/v2\/product"}],"about":[{"href":"https:\/\/kronsafety.com\/shop\/wp-json\/wp\/v2\/types\/product"}],"wp:featuredmedia":[{"embeddable":true,"href":"https:\/\/kronsafety.com\/shop\/wp-json\/wp\/v2\/media\/2119"}],"wp:attachment":[{"href":"https:\/\/kronsafety.com\/shop\/wp-json\/wp\/v2\/media?parent=2103"}],"wp:term":[{"taxonomy":"product_cat","embeddable":true,"href":"https:\/\/kronsafety.com\/shop\/wp-json\/wp\/v2\/product_cat?post=2103"},{"taxonomy":"product_tag","embeddable":true,"href":"https:\/\/kronsafety.com\/shop\/wp-json\/wp\/v2\/product_tag?post=2103"}],"curies":[{"name":"wp","href":"https:\/\/api.w.org\/{rel}","templated":true}]}}