{"id":212,"date":"2018-02-05T00:45:13","date_gmt":"2018-02-04T23:45:13","guid":{"rendered":"http:\/\/kronaction.com\/shop\/?post_type=product&#038;p=212"},"modified":"2018-02-05T01:49:41","modified_gmt":"2018-02-05T00:49:41","slug":"gehoerschutz","status":"publish","type":"product","link":"https:\/\/kronsafety.com\/shop\/produkt\/gehoerschutz\/","title":{"rendered":"Geh\u00f6rschutz"},"content":{"rendered":"<p>Der Kapselgeh\u00f6rschutz bietet perfekten PELTOR-Standard in Verbindung mit einem attraktiven geradlinigen Design. Die Helmkapsel sitzt sicher auf den g\u00e4ngigsten Industriehelmen und garantiert einen au\u00dfergew\u00f6hnlich hohen Tragekomfort. So reduzieren weiche, breite Dichtungsringe den Andruck um die Ohren und sorgen selbst bei l\u00e4ngeren Tragezeiten f\u00fcr ein angenehmes Tragegef\u00fchl. Gleichzeitig ist der Geh\u00f6rschutz besonders robust und widerstandsf\u00e4hig gegen Feuchtigkeit und Verschlei\u00df. Der gro\u00dfz\u00fcgige Platz im Kapselinneren gew\u00e4hrleistet eine Minimierung der W\u00e4rme- und Feuchtigkeitsentwicklung.<\/p>\n<ul>\n<li>SNR 26dB: Zum Schutz vor schwachem L\u00e4rm in der Industrie, beim Rasenm\u00e4hen, Bohren usw.<\/li>\n<li>SNR 30dB: Zum Schutz von m\u00e4\u00dfigen bis hohen Schallpegeln in der Industrie, bei Stra\u00dfenarbeiten, Bauarbeiten usw.<\/li>\n<li>SNR 32dB: Zum Schutz vor L\u00e4rm in der Forstindustrie, der Schwerindustrie, an Flugh\u00e4fen usw.<\/li>\n<\/ul>\n","protected":false},"excerpt":{"rendered":"<p>Der Kapselgeh\u00f6rschutz bietet perfekten PELTOR-Standard in Verbindung mit einem attraktiven geradlinigen Design. Die Helmkapsel sitzt sicher auf den g\u00e4ngigsten Industriehelmen und garantiert einen au\u00dfergew\u00f6hnlich hohen Tragekomfort. So reduzieren weiche, breite Dichtungsringe den Andruck um die Ohren und sorgen selbst bei l\u00e4ngeren Tragezeiten f\u00fcr ein angenehmes Tragegef\u00fchl. Gleichzeitig ist der Geh\u00f6rschutz besonders robust und widerstandsf\u00e4hig gegen [&hellip;]<\/p>\n","protected":false},"featured_media":216,"template":"","meta":[],"product_cat":[79],"product_tag":[],"_links":{"self":[{"href":"https:\/\/kronsafety.com\/shop\/wp-json\/wp\/v2\/product\/212"}],"collection":[{"href":"https:\/\/kronsafety.com\/shop\/wp-json\/wp\/v2\/product"}],"about":[{"href":"https:\/\/kronsafety.com\/shop\/wp-json\/wp\/v2\/types\/product"}],"wp:featuredmedia":[{"embeddable":true,"href":"https:\/\/kronsafety.com\/shop\/wp-json\/wp\/v2\/media\/216"}],"wp:attachment":[{"href":"https:\/\/kronsafety.com\/shop\/wp-json\/wp\/v2\/media?parent=212"}],"wp:term":[{"taxonomy":"product_cat","embeddable":true,"href":"https:\/\/kronsafety.com\/shop\/wp-json\/wp\/v2\/product_cat?post=212"},{"taxonomy":"product_tag","embeddable":true,"href":"https:\/\/kronsafety.com\/shop\/wp-json\/wp\/v2\/product_tag?post=212"}],"curies":[{"name":"wp","href":"https:\/\/api.w.org\/{rel}","templated":true}]}}