{"id":2126,"date":"2020-08-26T13:45:45","date_gmt":"2020-08-26T11:45:45","guid":{"rendered":"http:\/\/kronsafety.com\/shop\/?post_type=product&#038;p=2126"},"modified":"2020-09-28T16:05:09","modified_gmt":"2020-09-28T14:05:09","slug":"helm-mouse-work-hi-viz","status":"publish","type":"product","link":"https:\/\/kronsafety.com\/shop\/produkt\/helm-mouse-work-hi-viz\/","title":{"rendered":"Helm MOUSE WORK HI-VIZ"},"content":{"rendered":"<p>&#8211; Arbeitsschutzhelm, Industrieschutzhelm und Bauhelm. Leichter Helm mit gutem Tragekomfort, guter Bel\u00fcftung und Einstellrad.<br \/>\n&#8211; Verschluss \u00f6ffnet sich beim Absturz zwischen 15 und 25 daN (Norm Industrieschutzhelme EN 397), um vor Erstickung zu sch\u00fctzen.<br \/>\n&#8211; Einfach verstellbares Einstellrad, kann sogar mit Handschuhen gut bedient werden.<br \/>\n&#8211; Mit Bel\u00fcftungsschlitzen.<br \/>\n&#8211; Mit Stirnlampenhalterung.<br \/>\n&#8211; Entsprechende \u00d6ffnungen erm\u00f6glichen das Anbringen von Visier, Geh\u00f6rschutz und Radio.<br \/>\n&#8211; Helm mit Innengurtband-Ausstattung und abnehmbarer und waschbarer Polsterung.<br \/>\n&#8211; Universalgr\u00f6\u00dfe (52-64 cm).<\/p>\n","protected":false},"excerpt":{"rendered":"<p>&#8211; Arbeitsschutzhelm, Industrieschutzhelm und Bauhelm. Leichter Helm mit gutem Tragekomfort, guter Bel\u00fcftung und Einstellrad. &#8211; Verschluss \u00f6ffnet sich beim Absturz zwischen 15 und 25 daN (Norm Industrieschutzhelme EN 397), um vor Erstickung zu sch\u00fctzen. &#8211; Einfach verstellbares Einstellrad, kann sogar mit Handschuhen gut bedient werden. &#8211; Mit Bel\u00fcftungsschlitzen. &#8211; Mit Stirnlampenhalterung. &#8211; Entsprechende \u00d6ffnungen erm\u00f6glichen [&hellip;]<\/p>\n","protected":false},"featured_media":2138,"template":"","meta":[],"product_cat":[451,79],"product_tag":[],"_links":{"self":[{"href":"https:\/\/kronsafety.com\/shop\/wp-json\/wp\/v2\/product\/2126"}],"collection":[{"href":"https:\/\/kronsafety.com\/shop\/wp-json\/wp\/v2\/product"}],"about":[{"href":"https:\/\/kronsafety.com\/shop\/wp-json\/wp\/v2\/types\/product"}],"wp:featuredmedia":[{"embeddable":true,"href":"https:\/\/kronsafety.com\/shop\/wp-json\/wp\/v2\/media\/2138"}],"wp:attachment":[{"href":"https:\/\/kronsafety.com\/shop\/wp-json\/wp\/v2\/media?parent=2126"}],"wp:term":[{"taxonomy":"product_cat","embeddable":true,"href":"https:\/\/kronsafety.com\/shop\/wp-json\/wp\/v2\/product_cat?post=2126"},{"taxonomy":"product_tag","embeddable":true,"href":"https:\/\/kronsafety.com\/shop\/wp-json\/wp\/v2\/product_tag?post=2126"}],"curies":[{"name":"wp","href":"https:\/\/api.w.org\/{rel}","templated":true}]}}