{"id":217,"date":"2018-02-05T00:59:29","date_gmt":"2018-02-04T23:59:29","guid":{"rendered":"http:\/\/kronaction.com\/shop\/?post_type=product&#038;p=217"},"modified":"2018-02-05T01:55:50","modified_gmt":"2018-02-05T00:55:50","slug":"baumpflege-set","status":"publish","type":"product","link":"https:\/\/kronsafety.com\/shop\/produkt\/baumpflege-set\/","title":{"rendered":"Baumpflege Set"},"content":{"rendered":"<p>Set f\u00fcr H\u00f6henarbeiten mit Motors\u00e4ge o.\u00e4. Bestehend aus: Helm Mouse Work (leuchtgelb), Mouse Plates, Geh\u00f6rschutz, Netzvisier. Helm wird komplett montiert geliefert.<\/p>\n","protected":false},"excerpt":{"rendered":"<p>Set f\u00fcr H\u00f6henarbeiten mit Motors\u00e4ge o.\u00e4. Bestehend aus: Helm Mouse Work (leuchtgelb), Mouse Plates, Geh\u00f6rschutz, Netzvisier. Helm wird komplett montiert geliefert.<\/p>\n","protected":false},"featured_media":218,"template":"","meta":[],"product_cat":[79],"product_tag":[],"_links":{"self":[{"href":"https:\/\/kronsafety.com\/shop\/wp-json\/wp\/v2\/product\/217"}],"collection":[{"href":"https:\/\/kronsafety.com\/shop\/wp-json\/wp\/v2\/product"}],"about":[{"href":"https:\/\/kronsafety.com\/shop\/wp-json\/wp\/v2\/types\/product"}],"wp:featuredmedia":[{"embeddable":true,"href":"https:\/\/kronsafety.com\/shop\/wp-json\/wp\/v2\/media\/218"}],"wp:attachment":[{"href":"https:\/\/kronsafety.com\/shop\/wp-json\/wp\/v2\/media?parent=217"}],"wp:term":[{"taxonomy":"product_cat","embeddable":true,"href":"https:\/\/kronsafety.com\/shop\/wp-json\/wp\/v2\/product_cat?post=217"},{"taxonomy":"product_tag","embeddable":true,"href":"https:\/\/kronsafety.com\/shop\/wp-json\/wp\/v2\/product_tag?post=217"}],"curies":[{"name":"wp","href":"https:\/\/api.w.org\/{rel}","templated":true}]}}