{"id":2170,"date":"2020-08-26T16:18:07","date_gmt":"2020-08-26T14:18:07","guid":{"rendered":"http:\/\/kronsafety.com\/shop\/?post_type=product&#038;p=2170"},"modified":"2020-08-26T16:19:48","modified_gmt":"2020-08-26T14:19:48","slug":"muetze-balaclava","status":"publish","type":"product","link":"https:\/\/kronsafety.com\/shop\/produkt\/muetze-balaclava\/","title":{"rendered":"M\u00fctze BALACLAVA"},"content":{"rendered":"<div class=\"productDescription\">\n<p class=\"productSubtitle\">Vor K\u00e4lte und Wind sch\u00fctzende Sturmhaube<\/p>\n<div class=\"productCaracteristiquesPosition inlineblock\">\n<p class=\"productCaracteristiques inlineblock\">Die BALACLAVA-Sturmhaube sch\u00fctzt Kopf, Gesicht und Hals an kalten, windigen Tagen. Der spezielle Aufbau der einzelnen Bereiche sorgt f\u00fcr optimalen K\u00e4lteschutz und Feuchtigkeitsregulierung. Dank des eng anliegenden, nahtlosen Schnitts und der zahlreichen L\u00fcftungsl\u00f6cher kann sie bequem unter einem Helm getragen werden, ohne den Benutzer zu st\u00f6ren.<\/p>\n<\/div>\n<\/div>\n","protected":false},"excerpt":{"rendered":"<p>Vor K\u00e4lte und Wind sch\u00fctzende Sturmhaube Die BALACLAVA-Sturmhaube sch\u00fctzt Kopf, Gesicht und Hals an kalten, windigen Tagen. Der spezielle Aufbau der einzelnen Bereiche sorgt f\u00fcr optimalen K\u00e4lteschutz und Feuchtigkeitsregulierung. Dank des eng anliegenden, nahtlosen Schnitts und der zahlreichen L\u00fcftungsl\u00f6cher kann sie bequem unter einem Helm getragen werden, ohne den Benutzer zu st\u00f6ren.<\/p>\n","protected":false},"featured_media":2173,"template":"","meta":[],"product_cat":[452],"product_tag":[],"_links":{"self":[{"href":"https:\/\/kronsafety.com\/shop\/wp-json\/wp\/v2\/product\/2170"}],"collection":[{"href":"https:\/\/kronsafety.com\/shop\/wp-json\/wp\/v2\/product"}],"about":[{"href":"https:\/\/kronsafety.com\/shop\/wp-json\/wp\/v2\/types\/product"}],"wp:featuredmedia":[{"embeddable":true,"href":"https:\/\/kronsafety.com\/shop\/wp-json\/wp\/v2\/media\/2173"}],"wp:attachment":[{"href":"https:\/\/kronsafety.com\/shop\/wp-json\/wp\/v2\/media?parent=2170"}],"wp:term":[{"taxonomy":"product_cat","embeddable":true,"href":"https:\/\/kronsafety.com\/shop\/wp-json\/wp\/v2\/product_cat?post=2170"},{"taxonomy":"product_tag","embeddable":true,"href":"https:\/\/kronsafety.com\/shop\/wp-json\/wp\/v2\/product_tag?post=2170"}],"curies":[{"name":"wp","href":"https:\/\/api.w.org\/{rel}","templated":true}]}}