{"id":2174,"date":"2020-08-26T16:20:27","date_gmt":"2020-08-26T14:20:27","guid":{"rendered":"http:\/\/kronsafety.com\/shop\/?post_type=product&#038;p=2174"},"modified":"2020-08-26T16:24:06","modified_gmt":"2020-08-26T14:24:06","slug":"ausweishalter-fuer-die-helme-vertex-und-strato","status":"publish","type":"product","link":"https:\/\/kronsafety.com\/shop\/produkt\/ausweishalter-fuer-die-helme-vertex-und-strato\/","title":{"rendered":"Ausweishalter f\u00fcr die Helme VERTEX und STRATO"},"content":{"rendered":"<div class=\"productDescription\">Der Ausweishalter f\u00fcr die Helme VERTEX und STRATO erm\u00f6glicht eine schnelle Identifizierung des Benutzers. Er l\u00e4sst sich m\u00fchelos anbringen und sch\u00fctzt die Visitenkarte vor Regen.<\/div>\n","protected":false},"excerpt":{"rendered":"<p>https:\/\/vimeo.com\/330035175<\/p>\n","protected":false},"featured_media":2178,"template":"","meta":[],"product_cat":[452],"product_tag":[],"_links":{"self":[{"href":"https:\/\/kronsafety.com\/shop\/wp-json\/wp\/v2\/product\/2174"}],"collection":[{"href":"https:\/\/kronsafety.com\/shop\/wp-json\/wp\/v2\/product"}],"about":[{"href":"https:\/\/kronsafety.com\/shop\/wp-json\/wp\/v2\/types\/product"}],"wp:featuredmedia":[{"embeddable":true,"href":"https:\/\/kronsafety.com\/shop\/wp-json\/wp\/v2\/media\/2178"}],"wp:attachment":[{"href":"https:\/\/kronsafety.com\/shop\/wp-json\/wp\/v2\/media?parent=2174"}],"wp:term":[{"taxonomy":"product_cat","embeddable":true,"href":"https:\/\/kronsafety.com\/shop\/wp-json\/wp\/v2\/product_cat?post=2174"},{"taxonomy":"product_tag","embeddable":true,"href":"https:\/\/kronsafety.com\/shop\/wp-json\/wp\/v2\/product_tag?post=2174"}],"curies":[{"name":"wp","href":"https:\/\/api.w.org\/{rel}","templated":true}]}}