{"id":2186,"date":"2020-08-26T16:35:23","date_gmt":"2020-08-26T14:35:23","guid":{"rendered":"http:\/\/kronsafety.com\/shop\/?post_type=product&#038;p=2186"},"modified":"2020-08-26T16:52:53","modified_gmt":"2020-08-26T14:52:53","slug":"schutzueberzug-fuer-die-helme-vertex-und-strato","status":"publish","type":"product","link":"https:\/\/kronsafety.com\/shop\/produkt\/schutzueberzug-fuer-die-helme-vertex-und-strato\/","title":{"rendered":"Schutz\u00fcberzug f\u00fcr die Helme VERTEX und STRATO"},"content":{"rendered":"<div class=\"productDescription\">\n<div class=\"productCaracteristiquesPosition inlineblock\">\n<p class=\"productCaracteristiques inlineblock\">Der Schutz\u00fcberzug wird einfach \u00fcber den VERTEX oder STRATO-Helm gezogen, um die Helmschale vor Schmutz und Spritzern zu sch\u00fctzen.<\/p>\n<\/div>\n<\/div>\n<div class=\"productsLinks\">\n<div class=\"productButtons inlineblock\">\n<p>&nbsp;<\/p>\n<\/div>\n<\/div>\n","protected":false},"excerpt":{"rendered":"<p>https:\/\/vimeo.com\/330035175<\/p>\n","protected":false},"featured_media":2195,"template":"","meta":[],"product_cat":[452],"product_tag":[],"_links":{"self":[{"href":"https:\/\/kronsafety.com\/shop\/wp-json\/wp\/v2\/product\/2186"}],"collection":[{"href":"https:\/\/kronsafety.com\/shop\/wp-json\/wp\/v2\/product"}],"about":[{"href":"https:\/\/kronsafety.com\/shop\/wp-json\/wp\/v2\/types\/product"}],"wp:featuredmedia":[{"embeddable":true,"href":"https:\/\/kronsafety.com\/shop\/wp-json\/wp\/v2\/media\/2195"}],"wp:attachment":[{"href":"https:\/\/kronsafety.com\/shop\/wp-json\/wp\/v2\/media?parent=2186"}],"wp:term":[{"taxonomy":"product_cat","embeddable":true,"href":"https:\/\/kronsafety.com\/shop\/wp-json\/wp\/v2\/product_cat?post=2186"},{"taxonomy":"product_tag","embeddable":true,"href":"https:\/\/kronsafety.com\/shop\/wp-json\/wp\/v2\/product_tag?post=2186"}],"curies":[{"name":"wp","href":"https:\/\/api.w.org\/{rel}","templated":true}]}}