{"id":2231,"date":"2020-09-28T13:29:44","date_gmt":"2020-09-28T11:29:44","guid":{"rendered":"http:\/\/kronsafety.com\/shop\/?post_type=product&#038;p=2231"},"modified":"2020-09-28T13:29:44","modified_gmt":"2020-09-28T11:29:44","slug":"oberes-schaumstoffpolster-fuer-helm-strato","status":"publish","type":"product","link":"https:\/\/kronsafety.com\/shop\/produkt\/oberes-schaumstoffpolster-fuer-helm-strato\/","title":{"rendered":"Oberes Schaumstoffpolster f\u00fcr Helm STRATO"},"content":{"rendered":"<p>Oberes Schaumstoffpolster f\u00fcr die Innenschale des STRATO-Helms, um die Lebensdauer zu verl\u00e4ngern. Das komfortable, saugf\u00e4hige Schaumstoffpolster kann in der Waschmaschine gewaschen werden.<\/p>\n","protected":false},"excerpt":{"rendered":"<p>Oberes Schaumstoffpolster f\u00fcr die Innenschale des STRATO-Helms, um die Lebensdauer zu verl\u00e4ngern. Das komfortable, saugf\u00e4hige Schaumstoffpolster kann in der Waschmaschine gewaschen werden.<\/p>\n","protected":false},"featured_media":2232,"template":"","meta":[],"product_cat":[452],"product_tag":[],"_links":{"self":[{"href":"https:\/\/kronsafety.com\/shop\/wp-json\/wp\/v2\/product\/2231"}],"collection":[{"href":"https:\/\/kronsafety.com\/shop\/wp-json\/wp\/v2\/product"}],"about":[{"href":"https:\/\/kronsafety.com\/shop\/wp-json\/wp\/v2\/types\/product"}],"wp:featuredmedia":[{"embeddable":true,"href":"https:\/\/kronsafety.com\/shop\/wp-json\/wp\/v2\/media\/2232"}],"wp:attachment":[{"href":"https:\/\/kronsafety.com\/shop\/wp-json\/wp\/v2\/media?parent=2231"}],"wp:term":[{"taxonomy":"product_cat","embeddable":true,"href":"https:\/\/kronsafety.com\/shop\/wp-json\/wp\/v2\/product_cat?post=2231"},{"taxonomy":"product_tag","embeddable":true,"href":"https:\/\/kronsafety.com\/shop\/wp-json\/wp\/v2\/product_tag?post=2231"}],"curies":[{"name":"wp","href":"https:\/\/api.w.org\/{rel}","templated":true}]}}