{"id":2248,"date":"2020-09-28T14:10:01","date_gmt":"2020-09-28T12:10:01","guid":{"rendered":"http:\/\/kronsafety.com\/shop\/?post_type=product&#038;p=2248"},"modified":"2020-09-28T14:27:03","modified_gmt":"2020-09-28T12:27:03","slug":"gehoerschutz-peltor-snr26-x1p5e","status":"publish","type":"product","link":"https:\/\/kronsafety.com\/shop\/produkt\/gehoerschutz-peltor-snr26-x1p5e\/","title":{"rendered":"Geh\u00f6rschutz PELTOR SNR26 X1P5E"},"content":{"rendered":"<p>3M Peltor\u00ae Kapselgeh\u00f6rsch\u00fctzer, bieten Schutz von L\u00e4rm, in 7 Versionen mit verschiedenen D\u00e4mmwerten erh\u00e4ltlich:<br \/>\nDie gesamte Serie erf\u00fcllt die Norm UNI EN 352-1.<br \/>\nElektrisch isolierte Kapselgeh\u00f6rsch\u00fctzer.<\/p>\n","protected":false},"excerpt":{"rendered":"<p>3M Peltor\u00ae Kapselgeh\u00f6rsch\u00fctzer, bieten Schutz von L\u00e4rm, in 7 Versionen mit verschiedenen D\u00e4mmwerten erh\u00e4ltlich: Die gesamte Serie erf\u00fcllt die Norm UNI EN 352-1. Elektrisch isolierte Kapselgeh\u00f6rsch\u00fctzer.<\/p>\n","protected":false},"featured_media":2258,"template":"","meta":[],"product_cat":[452],"product_tag":[],"_links":{"self":[{"href":"https:\/\/kronsafety.com\/shop\/wp-json\/wp\/v2\/product\/2248"}],"collection":[{"href":"https:\/\/kronsafety.com\/shop\/wp-json\/wp\/v2\/product"}],"about":[{"href":"https:\/\/kronsafety.com\/shop\/wp-json\/wp\/v2\/types\/product"}],"wp:featuredmedia":[{"embeddable":true,"href":"https:\/\/kronsafety.com\/shop\/wp-json\/wp\/v2\/media\/2258"}],"wp:attachment":[{"href":"https:\/\/kronsafety.com\/shop\/wp-json\/wp\/v2\/media?parent=2248"}],"wp:term":[{"taxonomy":"product_cat","embeddable":true,"href":"https:\/\/kronsafety.com\/shop\/wp-json\/wp\/v2\/product_cat?post=2248"},{"taxonomy":"product_tag","embeddable":true,"href":"https:\/\/kronsafety.com\/shop\/wp-json\/wp\/v2\/product_tag?post=2248"}],"curies":[{"name":"wp","href":"https:\/\/api.w.org\/{rel}","templated":true}]}}