{"id":2266,"date":"2020-09-28T14:39:05","date_gmt":"2020-09-28T12:39:05","guid":{"rendered":"http:\/\/kronsafety.com\/shop\/?post_type=product&#038;p=2266"},"modified":"2020-09-28T14:40:24","modified_gmt":"2020-09-28T12:40:24","slug":"gittervsier-nylon-mesh-visor-1x1mm-v4b-fuer-helm-mouse-spin","status":"publish","type":"product","link":"https:\/\/kronsafety.com\/shop\/produkt\/gittervsier-nylon-mesh-visor-1x1mm-v4b-fuer-helm-mouse-spin\/","title":{"rendered":"Gittervsier NYLON MESH VISOR 1x1mm V4B f\u00fcr Helm MOUSE &amp; SPIN"},"content":{"rendered":"<p>Peltor\u00ae mattschwarzes Netzvisier aus Nylon, das eine gute Bel\u00fcftung und Schutz des Gesichts garantiert.<br \/>\nDas Netz ist speziell daf\u00fcr konzipiert, die Augen vor Blendung und Lichtreflexionen zu sch\u00fctzen.<br \/>\nSehr leicht und nicht elektrisch leitf\u00e4hig.<br \/>\nNetzgr\u00f6\u00dfe: 1 x 1 mm<\/p>\n","protected":false},"excerpt":{"rendered":"<p>Peltor\u00ae mattschwarzes Netzvisier aus Nylon, das eine gute Bel\u00fcftung und Schutz des Gesichts garantiert. Das Netz ist speziell daf\u00fcr konzipiert, die Augen vor Blendung und Lichtreflexionen zu sch\u00fctzen. Sehr leicht und nicht elektrisch leitf\u00e4hig. Netzgr\u00f6\u00dfe: 1 x 1 mm<\/p>\n","protected":false},"featured_media":2267,"template":"","meta":[],"product_cat":[452],"product_tag":[],"_links":{"self":[{"href":"https:\/\/kronsafety.com\/shop\/wp-json\/wp\/v2\/product\/2266"}],"collection":[{"href":"https:\/\/kronsafety.com\/shop\/wp-json\/wp\/v2\/product"}],"about":[{"href":"https:\/\/kronsafety.com\/shop\/wp-json\/wp\/v2\/types\/product"}],"wp:featuredmedia":[{"embeddable":true,"href":"https:\/\/kronsafety.com\/shop\/wp-json\/wp\/v2\/media\/2267"}],"wp:attachment":[{"href":"https:\/\/kronsafety.com\/shop\/wp-json\/wp\/v2\/media?parent=2266"}],"wp:term":[{"taxonomy":"product_cat","embeddable":true,"href":"https:\/\/kronsafety.com\/shop\/wp-json\/wp\/v2\/product_cat?post=2266"},{"taxonomy":"product_tag","embeddable":true,"href":"https:\/\/kronsafety.com\/shop\/wp-json\/wp\/v2\/product_tag?post=2266"}],"curies":[{"name":"wp","href":"https:\/\/api.w.org\/{rel}","templated":true}]}}