{"id":2268,"date":"2020-09-28T14:44:50","date_gmt":"2020-09-28T12:44:50","guid":{"rendered":"http:\/\/kronsafety.com\/shop\/?post_type=product&#038;p=2268"},"modified":"2020-09-28T14:52:23","modified_gmt":"2020-09-28T12:52:23","slug":"visier-visor-kurz","status":"publish","type":"product","link":"https:\/\/kronsafety.com\/shop\/produkt\/visier-visor-kurz\/","title":{"rendered":"Visier VISOR kurz"},"content":{"rendered":"<p>Visier f\u00fcr Helm aus hochwertigem Polycarbonat und japanischer Herkunft.<br \/>\nExtrem robust und resistent gegen UV-Strahlen, Korrosion und Beschlagen.<br \/>\nLeichte Montage am Helm Leef dank der daf\u00fcr vorgesehenen \u00d6ffnungen.<br \/>\nTransparent und get\u00f6nt erh\u00e4ltlich.<br \/>\nZertifizierung CE EN 166 Anti-Beschlag und Anti-Kratzer. Die Anti-Beschlag-Behandlung ist sowohl intern als auch extern.<\/p>\n","protected":false},"excerpt":{"rendered":"<p>Visier f\u00fcr Helm aus hochwertigem Polycarbonat und japanischer Herkunft. Extrem robust und resistent gegen UV-Strahlen, Korrosion und Beschlagen. Leichte Montage am Helm Leef dank der daf\u00fcr vorgesehenen \u00d6ffnungen. Transparent und get\u00f6nt erh\u00e4ltlich. Zertifizierung CE EN 166 Anti-Beschlag und Anti-Kratzer. Die Anti-Beschlag-Behandlung ist sowohl intern als auch extern.<\/p>\n","protected":false},"featured_media":2274,"template":"","meta":[],"product_cat":[452],"product_tag":[],"_links":{"self":[{"href":"https:\/\/kronsafety.com\/shop\/wp-json\/wp\/v2\/product\/2268"}],"collection":[{"href":"https:\/\/kronsafety.com\/shop\/wp-json\/wp\/v2\/product"}],"about":[{"href":"https:\/\/kronsafety.com\/shop\/wp-json\/wp\/v2\/types\/product"}],"wp:featuredmedia":[{"embeddable":true,"href":"https:\/\/kronsafety.com\/shop\/wp-json\/wp\/v2\/media\/2274"}],"wp:attachment":[{"href":"https:\/\/kronsafety.com\/shop\/wp-json\/wp\/v2\/media?parent=2268"}],"wp:term":[{"taxonomy":"product_cat","embeddable":true,"href":"https:\/\/kronsafety.com\/shop\/wp-json\/wp\/v2\/product_cat?post=2268"},{"taxonomy":"product_tag","embeddable":true,"href":"https:\/\/kronsafety.com\/shop\/wp-json\/wp\/v2\/product_tag?post=2268"}],"curies":[{"name":"wp","href":"https:\/\/api.w.org\/{rel}","templated":true}]}}