{"id":2275,"date":"2020-09-28T14:58:32","date_gmt":"2020-09-28T12:58:32","guid":{"rendered":"http:\/\/kronsafety.com\/shop\/?post_type=product&#038;p=2275"},"modified":"2020-09-28T16:04:07","modified_gmt":"2020-09-28T14:04:07","slug":"visier-visor-lang","status":"publish","type":"product","link":"https:\/\/kronsafety.com\/shop\/produkt\/visier-visor-lang\/","title":{"rendered":"Visier VISOR lang"},"content":{"rendered":"<p>Visier f\u00fcr Helm aus hochwertigem Polycarbonat und japanischer Herkunft.<br \/>\nLange Version, die es erm\u00f6glicht, das Gesicht des Bedieners vollst\u00e4ndig abzudecken.<br \/>\nExtrem robust und resistent gegen UV-Strahlen, Korrosion und Beschlagen.<br \/>\nMontagekit inklusive. Leichte Montage am Helm Mouse und Spin dank der daf\u00fcr vorgesehenen \u00d6ffnungen.<br \/>\nZertifizierung CE EN 166 Anti-Beschlag und Anti-Kratzer. Die Anti-Beschlag-Behandlung ist sowohl intern als auch extern.<br \/>\nDielektrische Version, es ist eine PSA der 3. Kategorie.<\/p>\n","protected":false},"excerpt":{"rendered":"<p>Visier f\u00fcr Helm aus hochwertigem Polycarbonat und japanischer Herkunft. Lange Version, die es erm\u00f6glicht, das Gesicht des Bedieners vollst\u00e4ndig abzudecken. Extrem robust und resistent gegen UV-Strahlen, Korrosion und Beschlagen. Montagekit inklusive. Leichte Montage am Helm Mouse und Spin dank der daf\u00fcr vorgesehenen \u00d6ffnungen. Zertifizierung CE EN 166 Anti-Beschlag und Anti-Kratzer. Die Anti-Beschlag-Behandlung ist sowohl intern [&hellip;]<\/p>\n","protected":false},"featured_media":2276,"template":"","meta":[],"product_cat":[452],"product_tag":[],"_links":{"self":[{"href":"https:\/\/kronsafety.com\/shop\/wp-json\/wp\/v2\/product\/2275"}],"collection":[{"href":"https:\/\/kronsafety.com\/shop\/wp-json\/wp\/v2\/product"}],"about":[{"href":"https:\/\/kronsafety.com\/shop\/wp-json\/wp\/v2\/types\/product"}],"wp:featuredmedia":[{"embeddable":true,"href":"https:\/\/kronsafety.com\/shop\/wp-json\/wp\/v2\/media\/2276"}],"wp:attachment":[{"href":"https:\/\/kronsafety.com\/shop\/wp-json\/wp\/v2\/media?parent=2275"}],"wp:term":[{"taxonomy":"product_cat","embeddable":true,"href":"https:\/\/kronsafety.com\/shop\/wp-json\/wp\/v2\/product_cat?post=2275"},{"taxonomy":"product_tag","embeddable":true,"href":"https:\/\/kronsafety.com\/shop\/wp-json\/wp\/v2\/product_tag?post=2275"}],"curies":[{"name":"wp","href":"https:\/\/api.w.org\/{rel}","templated":true}]}}