{"id":2278,"date":"2020-09-28T15:01:42","date_gmt":"2020-09-28T13:01:42","guid":{"rendered":"http:\/\/kronsafety.com\/shop\/?post_type=product&#038;p=2278"},"modified":"2020-09-28T15:22:21","modified_gmt":"2020-09-28T13:22:21","slug":"adapter-mouse-plate-gehoerschutz","status":"publish","type":"product","link":"https:\/\/kronsafety.com\/shop\/produkt\/adapter-mouse-plate-gehoerschutz\/","title":{"rendered":"Adapter MOUSE PLATE Geh\u00f6rschutz"},"content":{"rendered":"<p>Zubeh\u00f6r f\u00fcr die Montage von Geh\u00f6rschutz oder Funkkopfh\u00f6rern, bestehend aus einem Steckerpaar aus robustem Nylon, mit den entsprechenden mitgelieferten Schrauben zu befestigen, dank der auf der Schale des Helms MOUSE vorgesehenen L\u00f6cher.<br \/>\nDie Kopplung der Ohrmuschel erfolgt durch Einrasten und erm\u00f6glicht eine Montage der meisten auf dem Markt erh\u00e4ltlichen Kopfh\u00f6rern.<\/p>\n","protected":false},"excerpt":{"rendered":"<p>Zubeh\u00f6r f\u00fcr die Montage von Geh\u00f6rschutz oder Funkkopfh\u00f6rern, bestehend aus einem Steckerpaar aus robustem Nylon, mit den entsprechenden mitgelieferten Schrauben zu befestigen, dank der auf der Schale des Helms MOUSE vorgesehenen L\u00f6cher. Die Kopplung der Ohrmuschel erfolgt durch Einrasten und erm\u00f6glicht eine Montage der meisten auf dem Markt erh\u00e4ltlichen Kopfh\u00f6rern.<\/p>\n","protected":false},"featured_media":2279,"template":"","meta":[],"product_cat":[452],"product_tag":[],"_links":{"self":[{"href":"https:\/\/kronsafety.com\/shop\/wp-json\/wp\/v2\/product\/2278"}],"collection":[{"href":"https:\/\/kronsafety.com\/shop\/wp-json\/wp\/v2\/product"}],"about":[{"href":"https:\/\/kronsafety.com\/shop\/wp-json\/wp\/v2\/types\/product"}],"wp:featuredmedia":[{"embeddable":true,"href":"https:\/\/kronsafety.com\/shop\/wp-json\/wp\/v2\/media\/2279"}],"wp:attachment":[{"href":"https:\/\/kronsafety.com\/shop\/wp-json\/wp\/v2\/media?parent=2278"}],"wp:term":[{"taxonomy":"product_cat","embeddable":true,"href":"https:\/\/kronsafety.com\/shop\/wp-json\/wp\/v2\/product_cat?post=2278"},{"taxonomy":"product_tag","embeddable":true,"href":"https:\/\/kronsafety.com\/shop\/wp-json\/wp\/v2\/product_tag?post=2278"}],"curies":[{"name":"wp","href":"https:\/\/api.w.org\/{rel}","templated":true}]}}