{"id":230,"date":"2018-02-05T01:35:53","date_gmt":"2018-02-05T00:35:53","guid":{"rendered":"http:\/\/kronaction.com\/shop\/?post_type=product&#038;p=230"},"modified":"2018-02-05T01:52:44","modified_gmt":"2018-02-05T00:52:44","slug":"klik-2","status":"publish","type":"product","link":"https:\/\/kronsafety.com\/shop\/produkt\/klik-2\/","title":{"rendered":"Klik 2"},"content":{"rendered":"<p>Kompakte und leistungsstarke Stirnlampe, mit einem Front- und zwei Seiten-LEDs. Gr\u00f6\u00dfenverstellung mittels elastischem Gummiband. Ben\u00f6tigt 3 AAA-Batterien, welche im Lieferumfang enthalten sind.<\/p>\n","protected":false},"excerpt":{"rendered":"<p>Kompakte und leistungsstarke Stirnlampe, mit einem Front- und zwei Seiten-LEDs. Gr\u00f6\u00dfenverstellung mittels elastischem Gummiband. Ben\u00f6tigt 3 AAA-Batterien, welche im Lieferumfang enthalten sind.<\/p>\n","protected":false},"featured_media":232,"template":"","meta":[],"product_cat":[103],"product_tag":[],"_links":{"self":[{"href":"https:\/\/kronsafety.com\/shop\/wp-json\/wp\/v2\/product\/230"}],"collection":[{"href":"https:\/\/kronsafety.com\/shop\/wp-json\/wp\/v2\/product"}],"about":[{"href":"https:\/\/kronsafety.com\/shop\/wp-json\/wp\/v2\/types\/product"}],"wp:featuredmedia":[{"embeddable":true,"href":"https:\/\/kronsafety.com\/shop\/wp-json\/wp\/v2\/media\/232"}],"wp:attachment":[{"href":"https:\/\/kronsafety.com\/shop\/wp-json\/wp\/v2\/media?parent=230"}],"wp:term":[{"taxonomy":"product_cat","embeddable":true,"href":"https:\/\/kronsafety.com\/shop\/wp-json\/wp\/v2\/product_cat?post=230"},{"taxonomy":"product_tag","embeddable":true,"href":"https:\/\/kronsafety.com\/shop\/wp-json\/wp\/v2\/product_tag?post=230"}],"curies":[{"name":"wp","href":"https:\/\/api.w.org\/{rel}","templated":true}]}}