{"id":2307,"date":"2024-05-14T08:02:00","date_gmt":"2024-05-14T06:02:00","guid":{"rendered":"http:\/\/kronsafety.com\/shop\/?post_type=product&#038;p=2307"},"modified":"2024-05-14T08:03:16","modified_gmt":"2024-05-14T06:03:16","slug":"multiladegeraet-5-steckplaetze-gasmessgeraet-g6","status":"publish","type":"product","link":"https:\/\/kronsafety.com\/shop\/produkt\/multiladegeraet-5-steckplaetze-gasmessgeraet-g6\/","title":{"rendered":"Multiladeger\u00e4t 5 Steckpl\u00e4tze, Gasmessger\u00e4t G6"},"content":{"rendered":"<p>Zubeh\u00f6r, G6 Multiger\u00e4te-Ladeger\u00e4t, 5 Steckpl\u00e4tze, UK\/Europa<\/p>\n","protected":false},"excerpt":{"rendered":"<p>Zubeh\u00f6r, G6 Multiger\u00e4te-Ladeger\u00e4t, 5 Steckpl\u00e4tze, UK\/Europa<\/p>\n","protected":false},"featured_media":2308,"template":"","meta":[],"product_cat":[453],"product_tag":[],"_links":{"self":[{"href":"https:\/\/kronsafety.com\/shop\/wp-json\/wp\/v2\/product\/2307"}],"collection":[{"href":"https:\/\/kronsafety.com\/shop\/wp-json\/wp\/v2\/product"}],"about":[{"href":"https:\/\/kronsafety.com\/shop\/wp-json\/wp\/v2\/types\/product"}],"wp:featuredmedia":[{"embeddable":true,"href":"https:\/\/kronsafety.com\/shop\/wp-json\/wp\/v2\/media\/2308"}],"wp:attachment":[{"href":"https:\/\/kronsafety.com\/shop\/wp-json\/wp\/v2\/media?parent=2307"}],"wp:term":[{"taxonomy":"product_cat","embeddable":true,"href":"https:\/\/kronsafety.com\/shop\/wp-json\/wp\/v2\/product_cat?post=2307"},{"taxonomy":"product_tag","embeddable":true,"href":"https:\/\/kronsafety.com\/shop\/wp-json\/wp\/v2\/product_tag?post=2307"}],"curies":[{"name":"wp","href":"https:\/\/api.w.org\/{rel}","templated":true}]}}