{"id":2309,"date":"2024-05-14T08:05:58","date_gmt":"2024-05-14T06:05:58","guid":{"rendered":"http:\/\/kronsafety.com\/shop\/?post_type=product&#038;p=2309"},"modified":"2024-05-14T08:05:58","modified_gmt":"2024-05-14T06:05:58","slug":"standort-beacon","status":"publish","type":"product","link":"https:\/\/kronsafety.com\/shop\/produkt\/standort-beacon\/","title":{"rendered":"Standort Beacon"},"content":{"rendered":"<p>\u00dcber das Gel\u00e4nde verteilt, liefern Beacons ein zus\u00e4tzliches Positionierungssignal, um die Standorte von Mitarbeitern und Alarmen genau zu kartieren. Standort-Beacons k\u00f6nnen mit Grundrissen verwendet werden, die in Blackline Live hochgeladen werden.<\/p>\n","protected":false},"excerpt":{"rendered":"<p>\u00dcber das Gel\u00e4nde verteilt, liefern Beacons ein zus\u00e4tzliches Positionierungssignal, um die Standorte von Mitarbeitern und Alarmen genau zu kartieren. Standort-Beacons k\u00f6nnen mit Grundrissen verwendet werden, die in Blackline Live hochgeladen werden.<\/p>\n","protected":false},"featured_media":2310,"template":"","meta":[],"product_cat":[453],"product_tag":[],"_links":{"self":[{"href":"https:\/\/kronsafety.com\/shop\/wp-json\/wp\/v2\/product\/2309"}],"collection":[{"href":"https:\/\/kronsafety.com\/shop\/wp-json\/wp\/v2\/product"}],"about":[{"href":"https:\/\/kronsafety.com\/shop\/wp-json\/wp\/v2\/types\/product"}],"wp:featuredmedia":[{"embeddable":true,"href":"https:\/\/kronsafety.com\/shop\/wp-json\/wp\/v2\/media\/2310"}],"wp:attachment":[{"href":"https:\/\/kronsafety.com\/shop\/wp-json\/wp\/v2\/media?parent=2309"}],"wp:term":[{"taxonomy":"product_cat","embeddable":true,"href":"https:\/\/kronsafety.com\/shop\/wp-json\/wp\/v2\/product_cat?post=2309"},{"taxonomy":"product_tag","embeddable":true,"href":"https:\/\/kronsafety.com\/shop\/wp-json\/wp\/v2\/product_tag?post=2309"}],"curies":[{"name":"wp","href":"https:\/\/api.w.org\/{rel}","templated":true}]}}