{"id":2321,"date":"2024-05-14T08:42:39","date_gmt":"2024-05-14T06:42:39","guid":{"rendered":"http:\/\/kronsafety.com\/shop\/?post_type=product&#038;p=2321"},"modified":"2024-05-14T08:42:39","modified_gmt":"2024-05-14T06:42:39","slug":"kalibrierungsservice","status":"publish","type":"product","link":"https:\/\/kronsafety.com\/shop\/produkt\/kalibrierungsservice\/","title":{"rendered":"Kalibrierungsservice"},"content":{"rendered":"<p>Unser Kalibrierungsservice f\u00fcr Blackline Safety Gassmessger\u00e4te wird direkt in unserem Firmensitz durchgef\u00fchrt, wodurch wir sicherstellen k\u00f6nnen, dass Ihre Ger\u00e4te schnell wieder einsatzbereit sind.<\/p>\n<p>Unsere gut ausgestattete Einrichtung und unser erfahrenes Team erm\u00f6glichen es uns, Kalibrierungen effizient durchzuf\u00fchren, ohne dabei Kompromisse bei der Qualit\u00e4t einzugehen. Kunden profitieren von einem schnellen und reibungslosen Prozess, sodass sie ihre Gasmessger\u00e4te schnellstm\u00f6glich zur\u00fcck erhalten und ihre Sicherheitsstandards aufrechterhalten k\u00f6nnen. Vertrauen Sie auf unseren erstklassigen Kalibrierungsservice, um die Leistung und Genauigkeit Ihrer Gasmessger\u00e4te jederzeit zu gew\u00e4hrleisten.<\/p>\n","protected":false},"excerpt":{"rendered":"<p>Unser Kalibrierungsservice f\u00fcr Blackline Safety Gassmessger\u00e4te wird direkt in unserem Firmensitz durchgef\u00fchrt, wodurch wir sicherstellen k\u00f6nnen, dass Ihre Ger\u00e4te schnell wieder einsatzbereit sind. Unsere gut ausgestattete Einrichtung und unser erfahrenes Team erm\u00f6glichen es uns, Kalibrierungen effizient durchzuf\u00fchren, ohne dabei Kompromisse bei der Qualit\u00e4t einzugehen. Kunden profitieren von einem schnellen und reibungslosen Prozess, sodass sie ihre [&hellip;]<\/p>\n","protected":false},"featured_media":2323,"template":"","meta":[],"product_cat":[453],"product_tag":[],"_links":{"self":[{"href":"https:\/\/kronsafety.com\/shop\/wp-json\/wp\/v2\/product\/2321"}],"collection":[{"href":"https:\/\/kronsafety.com\/shop\/wp-json\/wp\/v2\/product"}],"about":[{"href":"https:\/\/kronsafety.com\/shop\/wp-json\/wp\/v2\/types\/product"}],"wp:featuredmedia":[{"embeddable":true,"href":"https:\/\/kronsafety.com\/shop\/wp-json\/wp\/v2\/media\/2323"}],"wp:attachment":[{"href":"https:\/\/kronsafety.com\/shop\/wp-json\/wp\/v2\/media?parent=2321"}],"wp:term":[{"taxonomy":"product_cat","embeddable":true,"href":"https:\/\/kronsafety.com\/shop\/wp-json\/wp\/v2\/product_cat?post=2321"},{"taxonomy":"product_tag","embeddable":true,"href":"https:\/\/kronsafety.com\/shop\/wp-json\/wp\/v2\/product_tag?post=2321"}],"curies":[{"name":"wp","href":"https:\/\/api.w.org\/{rel}","templated":true}]}}