{"id":2341,"date":"2024-05-14T09:12:09","date_gmt":"2024-05-14T07:12:09","guid":{"rendered":"http:\/\/kronsafety.com\/shop\/?post_type=product&#038;p=2341"},"modified":"2024-05-14T09:52:35","modified_gmt":"2024-05-14T07:52:35","slug":"gasmessgeraet-g6","status":"publish","type":"product","link":"https:\/\/kronsafety.com\/shop\/produkt\/gasmessgeraet-g6\/","title":{"rendered":"Gasmessger\u00e4t G6"},"content":{"rendered":"<p>Der G6 von Blackline Safety setzt den neuen Standard in der Einzelgasdetektion und hilft Ihren Mitarbeitern, im Falle eines Vorfalls die ben\u00f6tigte Hilfe zu erhalten &#8211; und unterst\u00fctzt Sie dabei, schnell und informiert zu handeln.<br \/>\nMit direkter Cloud-Konnektivit\u00e4t liefert der G6 sofortige Standorterkennung und wichtige Informationen \u00fcber Notrufe und Benachrichtigungen \u00fcber Ereignisse mit hoher Dringlichkeit und geringer Compliance. Dar\u00fcber hinaus helfen automatisierte Analysen und pr\u00e4zise Datenanalysen, m\u00f6glichen Sicherheitsrisiken einen Schritt voraus zu sein. Der preisgekr\u00f6nte G6 l\u00e4sst sich problemlos an jedes Sicherheitsprogramm oder Budget anpassen und ist eine problemlose, aber datenreiche L\u00f6sung zur Verbesserung der Sicherheit und Steigerung der betrieblichen Effizienz am modernen Arbeitsplatz.<\/p>\n","protected":false},"excerpt":{"rendered":"<p>Der G6 von Blackline Safety setzt den neuen Standard in der Einzelgasdetektion und hilft Ihren Mitarbeitern, im Falle eines Vorfalls die ben\u00f6tigte Hilfe zu erhalten &#8211; und unterst\u00fctzt Sie dabei, schnell und informiert zu handeln. Mit direkter Cloud-Konnektivit\u00e4t liefert der G6 sofortige Standorterkennung und wichtige Informationen \u00fcber Notrufe und Benachrichtigungen \u00fcber Ereignisse mit hoher Dringlichkeit [&hellip;]<\/p>\n","protected":false},"featured_media":2301,"template":"","meta":[],"product_cat":[453],"product_tag":[],"_links":{"self":[{"href":"https:\/\/kronsafety.com\/shop\/wp-json\/wp\/v2\/product\/2341"}],"collection":[{"href":"https:\/\/kronsafety.com\/shop\/wp-json\/wp\/v2\/product"}],"about":[{"href":"https:\/\/kronsafety.com\/shop\/wp-json\/wp\/v2\/types\/product"}],"wp:featuredmedia":[{"embeddable":true,"href":"https:\/\/kronsafety.com\/shop\/wp-json\/wp\/v2\/media\/2301"}],"wp:attachment":[{"href":"https:\/\/kronsafety.com\/shop\/wp-json\/wp\/v2\/media?parent=2341"}],"wp:term":[{"taxonomy":"product_cat","embeddable":true,"href":"https:\/\/kronsafety.com\/shop\/wp-json\/wp\/v2\/product_cat?post=2341"},{"taxonomy":"product_tag","embeddable":true,"href":"https:\/\/kronsafety.com\/shop\/wp-json\/wp\/v2\/product_tag?post=2341"}],"curies":[{"name":"wp","href":"https:\/\/api.w.org\/{rel}","templated":true}]}}