{"id":2347,"date":"2024-05-14T09:28:10","date_gmt":"2024-05-14T07:28:10","guid":{"rendered":"http:\/\/kronsafety.com\/shop\/?post_type=product&#038;p=2347"},"modified":"2024-05-14T09:54:03","modified_gmt":"2024-05-14T07:54:03","slug":"gasmessgeraet-g7c","status":"publish","type":"product","link":"https:\/\/kronsafety.com\/shop\/produkt\/gasmessgeraet-g7c\/","title":{"rendered":"Gasmessger\u00e4t G7c"},"content":{"rendered":"<p>Mit dem tragbaren G7-Multigasdetektor k\u00f6nnen Sie sich bequem zur\u00fccklehnen. Die Konnektivit\u00e4t in Verbindung mit den Daten erm\u00f6glicht eine schnelle Reaktion auf Vorf\u00e4lle, um Ihre Mitarbeiter besser vor potenziellen Gefahren zu sch\u00fctzen und die Sicherheitsprozesse und die Einhaltung von Vorschriften zu verbessern.Breites Gassensor-Portfolio<\/p>\n<div class=\"content\">\n<p><strong>Erkennung von bis zu f\u00fcnf Gasen, mit einem Portfolio von bis zu 20 Gasen zur Auswahl.<\/strong><\/p>\n<p>Wenn Ihre Mitarbeiter h\u00e4ufig den Standort wechseln oder Sie feststellen, dass sich die Umweltgefahren in Ihrer Einrichtung \u00e4ndern, k\u00f6nnen die G7-Gassensoren aktualisiert werden, um den sich \u00e4ndernden Anforderungen gerecht zu werden.<\/p>\n<p>Tauschen Sie einfach Ihre vorhandene Multigas-Sensorpatrone gegen einen neuen, f\u00fcr die Umgebung geeigneten Sensor aus. Sie sind sogar im laufenden Betrieb austauschbar, sodass sie w\u00e4hrend des Einsatzes oder auf dem Weg zu einem neuen Einsatzort ausgetauscht werden k\u00f6nnen.<\/p>\n<\/div>\n","protected":false},"excerpt":{"rendered":"<p><strong>Erkennung von bis zu f\u00fcnf Gasen, mit einem Portfolio von bis zu 20 Gasen zur Auswahl.<\/strong><\/p>\n","protected":false},"featured_media":2336,"template":"","meta":[],"product_cat":[453],"product_tag":[],"_links":{"self":[{"href":"https:\/\/kronsafety.com\/shop\/wp-json\/wp\/v2\/product\/2347"}],"collection":[{"href":"https:\/\/kronsafety.com\/shop\/wp-json\/wp\/v2\/product"}],"about":[{"href":"https:\/\/kronsafety.com\/shop\/wp-json\/wp\/v2\/types\/product"}],"wp:featuredmedia":[{"embeddable":true,"href":"https:\/\/kronsafety.com\/shop\/wp-json\/wp\/v2\/media\/2336"}],"wp:attachment":[{"href":"https:\/\/kronsafety.com\/shop\/wp-json\/wp\/v2\/media?parent=2347"}],"wp:term":[{"taxonomy":"product_cat","embeddable":true,"href":"https:\/\/kronsafety.com\/shop\/wp-json\/wp\/v2\/product_cat?post=2347"},{"taxonomy":"product_tag","embeddable":true,"href":"https:\/\/kronsafety.com\/shop\/wp-json\/wp\/v2\/product_tag?post=2347"}],"curies":[{"name":"wp","href":"https:\/\/api.w.org\/{rel}","templated":true}]}}