{"id":235,"date":"2018-02-05T01:46:30","date_gmt":"2018-02-05T00:46:30","guid":{"rendered":"http:\/\/kronaction.com\/shop\/?post_type=product&#038;p=235"},"modified":"2018-03-21T23:41:21","modified_gmt":"2018-03-21T22:41:21","slug":"rubber","status":"publish","type":"product","link":"https:\/\/kronsafety.com\/shop\/produkt\/rubber\/","title":{"rendered":"Rubber"},"content":{"rendered":"<p>Kautschukband f\u00fcr die Stirnlampe PIXA zur Befestigung an allen Helmtypen. Das f\u00fcr alle im Handel erh\u00e4ltlichen Helme geeignete RUBBER-Kautschukband h\u00e4lt die PIXA-Stirnlampe in der richtigen Position.<\/p>\n","protected":false},"excerpt":{"rendered":"<p>Kautschukband f\u00fcr die Stirnlampe PIXA zur Befestigung an allen Helmtypen. Das f\u00fcr alle im Handel erh\u00e4ltlichen Helme geeignete RUBBER-Kautschukband h\u00e4lt die PIXA-Stirnlampe in der richtigen Position.<\/p>\n","protected":false},"featured_media":234,"template":"","meta":[],"product_cat":[103],"product_tag":[],"_links":{"self":[{"href":"https:\/\/kronsafety.com\/shop\/wp-json\/wp\/v2\/product\/235"}],"collection":[{"href":"https:\/\/kronsafety.com\/shop\/wp-json\/wp\/v2\/product"}],"about":[{"href":"https:\/\/kronsafety.com\/shop\/wp-json\/wp\/v2\/types\/product"}],"wp:featuredmedia":[{"embeddable":true,"href":"https:\/\/kronsafety.com\/shop\/wp-json\/wp\/v2\/media\/234"}],"wp:attachment":[{"href":"https:\/\/kronsafety.com\/shop\/wp-json\/wp\/v2\/media?parent=235"}],"wp:term":[{"taxonomy":"product_cat","embeddable":true,"href":"https:\/\/kronsafety.com\/shop\/wp-json\/wp\/v2\/product_cat?post=235"},{"taxonomy":"product_tag","embeddable":true,"href":"https:\/\/kronsafety.com\/shop\/wp-json\/wp\/v2\/product_tag?post=235"}],"curies":[{"name":"wp","href":"https:\/\/api.w.org\/{rel}","templated":true}]}}