{"id":244,"date":"2018-02-11T04:42:40","date_gmt":"2018-02-11T03:42:40","guid":{"rendered":"http:\/\/kronaction.com\/shop\/?post_type=product&#038;p=244"},"modified":"2020-04-21T09:05:11","modified_gmt":"2020-04-21T07:05:11","slug":"wire-steel-rope","status":"publish","type":"product","link":"https:\/\/kronsafety.com\/shop\/produkt\/wire-steel-rope\/","title":{"rendered":"Wire Steel Rope"},"content":{"rendered":"<p>Schnittfestes Verbindungsmittel mit 2 Schlaufen. Im Inneren befindet sich ein Stahlkabel (galvanisiert) aus 133 verdrillten Einzellitzen mit einem Durchmesser von 6 mm. Die innovative Doppel-Mantel-Technologie verhindert,<br \/>\ndass der Mantel auf dem Stahlseil rutscht. Au\u00dfen ist noch einmal eine textile Beschichtung angebracht, um Abrieb zu verringern.\u00a0 Jedes Ende hat eine Endverbindung mit einer Stahl\u00f6se zum komfortablen Ein- und Aush\u00e4ngen von Verbindungsmitteln (Karabiner). Bei gr\u00f6\u00dferer Abnahme kann die L\u00e4nge angepasst und auch ein Karabiner mit \u00d6se direkt in eine Schlaufe eingearbeitet werden.<\/p>\n","protected":false},"excerpt":{"rendered":"<p>Schnittfestes Verbindungsmittel mit 2 Schlaufen. Im Inneren befindet sich ein Stahlkabel (galvanisiert) aus 133 verdrillten Einzellitzen mit einem Durchmesser von 6 mm. Die innovative Doppel-Mantel-Technologie verhindert, dass der Mantel auf dem Stahlseil rutscht. Au\u00dfen ist noch einmal eine textile Beschichtung angebracht, um Abrieb zu verringern.\u00a0 Jedes Ende hat eine Endverbindung mit einer Stahl\u00f6se zum komfortablen [&hellip;]<\/p>\n","protected":false},"featured_media":1461,"template":"","meta":[],"product_cat":[292,293,438,104],"product_tag":[],"_links":{"self":[{"href":"https:\/\/kronsafety.com\/shop\/wp-json\/wp\/v2\/product\/244"}],"collection":[{"href":"https:\/\/kronsafety.com\/shop\/wp-json\/wp\/v2\/product"}],"about":[{"href":"https:\/\/kronsafety.com\/shop\/wp-json\/wp\/v2\/types\/product"}],"wp:featuredmedia":[{"embeddable":true,"href":"https:\/\/kronsafety.com\/shop\/wp-json\/wp\/v2\/media\/1461"}],"wp:attachment":[{"href":"https:\/\/kronsafety.com\/shop\/wp-json\/wp\/v2\/media?parent=244"}],"wp:term":[{"taxonomy":"product_cat","embeddable":true,"href":"https:\/\/kronsafety.com\/shop\/wp-json\/wp\/v2\/product_cat?post=244"},{"taxonomy":"product_tag","embeddable":true,"href":"https:\/\/kronsafety.com\/shop\/wp-json\/wp\/v2\/product_tag?post=244"}],"curies":[{"name":"wp","href":"https:\/\/api.w.org\/{rel}","templated":true}]}}