{"id":249,"date":"2018-02-11T04:51:44","date_gmt":"2018-02-11T03:51:44","guid":{"rendered":"http:\/\/kronaction.com\/shop\/?post_type=product&#038;p=249"},"modified":"2018-02-11T04:51:44","modified_gmt":"2018-02-11T03:51:44","slug":"lanyard-static-rope","status":"publish","type":"product","link":"https:\/\/kronsafety.com\/shop\/produkt\/lanyard-static-rope\/","title":{"rendered":"Lanyard Static Rope"},"content":{"rendered":"<p>Semistatisches Seil mit 2 vern\u00e4hten Schlaufen. Bei gr\u00f6\u00dferer Abnahme kann die L\u00e4nge angepasst und auch ein Karabiner mit \u00d6se direkt in eine Schlaufe eingen\u00e4ht werden.<\/p>\n","protected":false},"excerpt":{"rendered":"<p>Semistatisches Seil mit 2 vern\u00e4hten Schlaufen. Bei gr\u00f6\u00dferer Abnahme kann die L\u00e4nge angepasst und auch ein Karabiner mit \u00d6se direkt in eine Schlaufe eingen\u00e4ht werden.<\/p>\n","protected":false},"featured_media":254,"template":"","meta":[],"product_cat":[104],"product_tag":[],"_links":{"self":[{"href":"https:\/\/kronsafety.com\/shop\/wp-json\/wp\/v2\/product\/249"}],"collection":[{"href":"https:\/\/kronsafety.com\/shop\/wp-json\/wp\/v2\/product"}],"about":[{"href":"https:\/\/kronsafety.com\/shop\/wp-json\/wp\/v2\/types\/product"}],"wp:featuredmedia":[{"embeddable":true,"href":"https:\/\/kronsafety.com\/shop\/wp-json\/wp\/v2\/media\/254"}],"wp:attachment":[{"href":"https:\/\/kronsafety.com\/shop\/wp-json\/wp\/v2\/media?parent=249"}],"wp:term":[{"taxonomy":"product_cat","embeddable":true,"href":"https:\/\/kronsafety.com\/shop\/wp-json\/wp\/v2\/product_cat?post=249"},{"taxonomy":"product_tag","embeddable":true,"href":"https:\/\/kronsafety.com\/shop\/wp-json\/wp\/v2\/product_tag?post=249"}],"curies":[{"name":"wp","href":"https:\/\/api.w.org\/{rel}","templated":true}]}}