{"id":255,"date":"2018-02-11T04:56:26","date_gmt":"2018-02-11T03:56:26","guid":{"rendered":"http:\/\/kronaction.com\/shop\/?post_type=product&#038;p=255"},"modified":"2018-02-11T04:56:26","modified_gmt":"2018-02-11T03:56:26","slug":"grillon","status":"publish","type":"product","link":"https:\/\/kronsafety.com\/shop\/produkt\/grillon\/","title":{"rendered":"Grillon"},"content":{"rendered":"<p>Das Verbindungsmittel GRILLON wird zusammen mit einer Auffangvorrichtung zur Arbeitsplatzpositionierung verwendet. Es erm\u00f6glicht ein pr\u00e4zises und einfaches Einstellen der L\u00e4nge, auch unter Belastung, entsprechend den speziellen Anforderungen des Arbeitsplatzes, um eine komfortable Arbeitsposition zu gew\u00e4hrleisten. Es kann entsprechend der Konfiguration entweder an der zentralen Halte\u00f6se oder an den beiden seitlichen Halte\u00f6sen des Gurtes befestigt werden.<\/p>\n","protected":false},"excerpt":{"rendered":"<p>Das Verbindungsmittel GRILLON wird zusammen mit einer Auffangvorrichtung zur Arbeitsplatzpositionierung verwendet. Es erm\u00f6glicht ein pr\u00e4zises und einfaches Einstellen der L\u00e4nge, auch unter Belastung, entsprechend den speziellen Anforderungen des Arbeitsplatzes, um eine komfortable Arbeitsposition zu gew\u00e4hrleisten. Es kann entsprechend der Konfiguration entweder an der zentralen Halte\u00f6se oder an den beiden seitlichen Halte\u00f6sen des Gurtes befestigt werden.<\/p>\n","protected":false},"featured_media":258,"template":"","meta":[],"product_cat":[104],"product_tag":[],"_links":{"self":[{"href":"https:\/\/kronsafety.com\/shop\/wp-json\/wp\/v2\/product\/255"}],"collection":[{"href":"https:\/\/kronsafety.com\/shop\/wp-json\/wp\/v2\/product"}],"about":[{"href":"https:\/\/kronsafety.com\/shop\/wp-json\/wp\/v2\/types\/product"}],"wp:featuredmedia":[{"embeddable":true,"href":"https:\/\/kronsafety.com\/shop\/wp-json\/wp\/v2\/media\/258"}],"wp:attachment":[{"href":"https:\/\/kronsafety.com\/shop\/wp-json\/wp\/v2\/media?parent=255"}],"wp:term":[{"taxonomy":"product_cat","embeddable":true,"href":"https:\/\/kronsafety.com\/shop\/wp-json\/wp\/v2\/product_cat?post=255"},{"taxonomy":"product_tag","embeddable":true,"href":"https:\/\/kronsafety.com\/shop\/wp-json\/wp\/v2\/product_tag?post=255"}],"curies":[{"name":"wp","href":"https:\/\/api.w.org\/{rel}","templated":true}]}}