{"id":259,"date":"2018-02-12T03:06:00","date_gmt":"2018-02-12T02:06:00","guid":{"rendered":"http:\/\/kronaction.com\/shop\/?post_type=product&#038;p=259"},"modified":"2018-02-12T03:06:00","modified_gmt":"2018-02-12T02:06:00","slug":"progress-adjust","status":"publish","type":"product","link":"https:\/\/kronsafety.com\/shop\/produkt\/progress-adjust\/","title":{"rendered":"Progress Adjust"},"content":{"rendered":"<p>Einstellbares Verbindungsmittel, das bei jeder Art von Fortbewegung (Aufstieg am Seil, Fortbewegung am Seilgel\u00e4nder usw.) eine permanente Verbindung erm\u00f6glicht. Mit Hilfe der ADJUST-Einstellvorrichtung l\u00e4sst sich der einstellbare Strang schnell und einfach anpassen. Die Karabiner werden in der richtigen Position gehalten, um das Einh\u00e4ngen zu erleichtern.<\/p>\n","protected":false},"excerpt":{"rendered":"<p>Einstellbares Verbindungsmittel, das bei jeder Art von Fortbewegung (Aufstieg am Seil, Fortbewegung am Seilgel\u00e4nder usw.) eine permanente Verbindung erm\u00f6glicht. Mit Hilfe der ADJUST-Einstellvorrichtung l\u00e4sst sich der einstellbare Strang schnell und einfach anpassen. Die Karabiner werden in der richtigen Position gehalten, um das Einh\u00e4ngen zu erleichtern.<\/p>\n","protected":false},"featured_media":261,"template":"","meta":[],"product_cat":[104],"product_tag":[],"_links":{"self":[{"href":"https:\/\/kronsafety.com\/shop\/wp-json\/wp\/v2\/product\/259"}],"collection":[{"href":"https:\/\/kronsafety.com\/shop\/wp-json\/wp\/v2\/product"}],"about":[{"href":"https:\/\/kronsafety.com\/shop\/wp-json\/wp\/v2\/types\/product"}],"wp:featuredmedia":[{"embeddable":true,"href":"https:\/\/kronsafety.com\/shop\/wp-json\/wp\/v2\/media\/261"}],"wp:attachment":[{"href":"https:\/\/kronsafety.com\/shop\/wp-json\/wp\/v2\/media?parent=259"}],"wp:term":[{"taxonomy":"product_cat","embeddable":true,"href":"https:\/\/kronsafety.com\/shop\/wp-json\/wp\/v2\/product_cat?post=259"},{"taxonomy":"product_tag","embeddable":true,"href":"https:\/\/kronsafety.com\/shop\/wp-json\/wp\/v2\/product_tag?post=259"}],"curies":[{"name":"wp","href":"https:\/\/api.w.org\/{rel}","templated":true}]}}