{"id":263,"date":"2018-02-12T03:19:44","date_gmt":"2018-02-12T02:19:44","guid":{"rendered":"http:\/\/kronaction.com\/shop\/?post_type=product&#038;p=263"},"modified":"2018-02-12T21:47:52","modified_gmt":"2018-02-12T20:47:52","slug":"trimmer","status":"publish","type":"product","link":"https:\/\/kronsafety.com\/shop\/produkt\/trimmer\/","title":{"rendered":"Trimmer"},"content":{"rendered":"<p>Trimmer wird zur Arbeitspositionierung in Kombination mit einem Auffangger\u00e4t eingesetzt. Das Ger\u00e4t erm\u00f6glicht ein schnelles und akkurates Einstellen der Seill\u00e4nge, sodass, je nach Arbeitsbedingungen, eine optimale Positionierung erzielt wird.<\/p>\n<p>Kann an seitlichen Anschlagpunkten des Gurtes angebracht werden, um das Gewicht des Anwenders am Positionierungsgurt zu verteilen. Regulierung durch Dr\u00fccken des Hebels.<\/p>\n<p>Kann am frontalen Anschlagpunkt (Bauch) angebracht werden, um das Gewicht beim freien H\u00e4ngen auf H\u00fcftgurt und in den Beinschlingen zu verteilen. Der praktische Einhandkarabiner aus Alu ist fest in die vordere \u00d6se am Seil eingen\u00e4ht. Mit Seilschutz ausgestattet, der das Seil vor Verschlei\u00df und Abnutzung sch\u00fctzt.<\/p>\n<p>Weitere L\u00e4ngen, sowie andere Karabiner auf Anfrage.<\/p>\n","protected":false},"excerpt":{"rendered":"<p>Trimmer wird zur Arbeitspositionierung in Kombination mit einem Auffangger\u00e4t eingesetzt. Das Ger\u00e4t erm\u00f6glicht ein schnelles und akkurates Einstellen der Seill\u00e4nge, sodass, je nach Arbeitsbedingungen, eine optimale Positionierung erzielt wird. Kann an seitlichen Anschlagpunkten des Gurtes angebracht werden, um das Gewicht des Anwenders am Positionierungsgurt zu verteilen. Regulierung durch Dr\u00fccken des Hebels. Kann am frontalen Anschlagpunkt [&hellip;]<\/p>\n","protected":false},"featured_media":264,"template":"","meta":[],"product_cat":[104],"product_tag":[],"_links":{"self":[{"href":"https:\/\/kronsafety.com\/shop\/wp-json\/wp\/v2\/product\/263"}],"collection":[{"href":"https:\/\/kronsafety.com\/shop\/wp-json\/wp\/v2\/product"}],"about":[{"href":"https:\/\/kronsafety.com\/shop\/wp-json\/wp\/v2\/types\/product"}],"wp:featuredmedia":[{"embeddable":true,"href":"https:\/\/kronsafety.com\/shop\/wp-json\/wp\/v2\/media\/264"}],"wp:attachment":[{"href":"https:\/\/kronsafety.com\/shop\/wp-json\/wp\/v2\/media?parent=263"}],"wp:term":[{"taxonomy":"product_cat","embeddable":true,"href":"https:\/\/kronsafety.com\/shop\/wp-json\/wp\/v2\/product_cat?post=263"},{"taxonomy":"product_tag","embeddable":true,"href":"https:\/\/kronsafety.com\/shop\/wp-json\/wp\/v2\/product_tag?post=263"}],"curies":[{"name":"wp","href":"https:\/\/api.w.org\/{rel}","templated":true}]}}