{"id":266,"date":"2018-02-12T21:37:24","date_gmt":"2018-02-12T20:37:24","guid":{"rendered":"http:\/\/kronaction.com\/shop\/?post_type=product&#038;p=266"},"modified":"2018-02-12T21:45:58","modified_gmt":"2018-02-12T20:45:58","slug":"adjustable-no-cut-lanyard","status":"publish","type":"product","link":"https:\/\/kronsafety.com\/shop\/produkt\/adjustable-no-cut-lanyard\/","title":{"rendered":"Adjustable No Cut Lanyard"},"content":{"rendered":"<p>Schnittfestes, l\u00e4ngenverstellbares Positionierungsseil. Im Inneren befindet sich ein Drahtseil (galvanisiert) aus 133 Einzellitzen verdrillt, mit einem Durchmesser von 6 mm. Die innovative Doppel-Mantel-Technologie verhindert,<br \/>\ndass der Mantel auf dem Stahlkabel rutscht. Bei gr\u00f6\u00dferer Abnahme kann die L\u00e4nge angepasst und auch ein Karabiner mit \u00d6se direkt in die \u00d6se am Stahlseil eingearbeitet werden. Geeignet zur Verwendung bei Arbeiten mit Trennwerkzeugen.<\/p>\n","protected":false},"excerpt":{"rendered":"<p>Schnittfestes, l\u00e4ngenverstellbares Positionierungsseil. Im Inneren befindet sich ein Drahtseil (galvanisiert) aus 133 Einzellitzen verdrillt, mit einem Durchmesser von 6 mm. Die innovative Doppel-Mantel-Technologie verhindert, dass der Mantel auf dem Stahlkabel rutscht. Bei gr\u00f6\u00dferer Abnahme kann die L\u00e4nge angepasst und auch ein Karabiner mit \u00d6se direkt in die \u00d6se am Stahlseil eingearbeitet werden. Geeignet zur Verwendung [&hellip;]<\/p>\n","protected":false},"featured_media":270,"template":"","meta":[],"product_cat":[104],"product_tag":[],"_links":{"self":[{"href":"https:\/\/kronsafety.com\/shop\/wp-json\/wp\/v2\/product\/266"}],"collection":[{"href":"https:\/\/kronsafety.com\/shop\/wp-json\/wp\/v2\/product"}],"about":[{"href":"https:\/\/kronsafety.com\/shop\/wp-json\/wp\/v2\/types\/product"}],"wp:featuredmedia":[{"embeddable":true,"href":"https:\/\/kronsafety.com\/shop\/wp-json\/wp\/v2\/media\/270"}],"wp:attachment":[{"href":"https:\/\/kronsafety.com\/shop\/wp-json\/wp\/v2\/media?parent=266"}],"wp:term":[{"taxonomy":"product_cat","embeddable":true,"href":"https:\/\/kronsafety.com\/shop\/wp-json\/wp\/v2\/product_cat?post=266"},{"taxonomy":"product_tag","embeddable":true,"href":"https:\/\/kronsafety.com\/shop\/wp-json\/wp\/v2\/product_tag?post=266"}],"curies":[{"name":"wp","href":"https:\/\/api.w.org\/{rel}","templated":true}]}}