{"id":279,"date":"2018-02-12T21:58:38","date_gmt":"2018-02-12T20:58:38","guid":{"rendered":"http:\/\/kronaction.com\/shop\/?post_type=product&#038;p=279"},"modified":"2018-02-12T21:58:38","modified_gmt":"2018-02-12T20:58:38","slug":"rope-lanyard-adjustable","status":"publish","type":"product","link":"https:\/\/kronsafety.com\/shop\/produkt\/rope-lanyard-adjustable\/","title":{"rendered":"Rope Lanyard Adjustable"},"content":{"rendered":"<p>Einfaches Positionierungsseil aus statischem Seil mit 10.5 mm Durchmesser.<\/p>\n<p>Verf\u00fcgbar in zwei Ausf\u00fchrungen:<br \/>\n203007: L\u00e4nge verstellbar zwischen 115 und 200cm.<br \/>\n20300701: L\u00e4nge verstellbar zwischen 80 und 125cm.<\/p>\n","protected":false},"excerpt":{"rendered":"<p>Einfaches Positionierungsseil aus statischem Seil mit 10.5 mm Durchmesser. Verf\u00fcgbar in zwei Ausf\u00fchrungen: 203007: L\u00e4nge verstellbar zwischen 115 und 200cm. 20300701: L\u00e4nge verstellbar zwischen 80 und 125cm.<\/p>\n","protected":false},"featured_media":282,"template":"","meta":[],"product_cat":[104],"product_tag":[],"_links":{"self":[{"href":"https:\/\/kronsafety.com\/shop\/wp-json\/wp\/v2\/product\/279"}],"collection":[{"href":"https:\/\/kronsafety.com\/shop\/wp-json\/wp\/v2\/product"}],"about":[{"href":"https:\/\/kronsafety.com\/shop\/wp-json\/wp\/v2\/types\/product"}],"wp:featuredmedia":[{"embeddable":true,"href":"https:\/\/kronsafety.com\/shop\/wp-json\/wp\/v2\/media\/282"}],"wp:attachment":[{"href":"https:\/\/kronsafety.com\/shop\/wp-json\/wp\/v2\/media?parent=279"}],"wp:term":[{"taxonomy":"product_cat","embeddable":true,"href":"https:\/\/kronsafety.com\/shop\/wp-json\/wp\/v2\/product_cat?post=279"},{"taxonomy":"product_tag","embeddable":true,"href":"https:\/\/kronsafety.com\/shop\/wp-json\/wp\/v2\/product_tag?post=279"}],"curies":[{"name":"wp","href":"https:\/\/api.w.org\/{rel}","templated":true}]}}