{"id":352,"date":"2018-02-13T04:08:29","date_gmt":"2018-02-13T03:08:29","guid":{"rendered":"http:\/\/kronaction.com\/shop\/?post_type=product&#038;p=352"},"modified":"2018-02-13T04:08:29","modified_gmt":"2018-02-13T03:08:29","slug":"hms-classic","status":"publish","type":"product","link":"https:\/\/kronsafety.com\/shop\/produkt\/hms-classic\/","title":{"rendered":"HMS Classic"},"content":{"rendered":"<p>Karabiner aus Aluminium, erh\u00e4ltlich mit Schraub-, Autoblock- und TwistLock-Verschluss. Der klassische birnenf\u00f6rmige HMS Karabiner eignet sich mit einem Mastwurf oder einem Halbmastwurf hervorragend f\u00fcr Sicherungssysteme.<\/p>\n","protected":false},"excerpt":{"rendered":"<p>Karabiner aus Aluminium, erh\u00e4ltlich mit Schraub-, Autoblock- und TwistLock-Verschluss. Der klassische birnenf\u00f6rmige HMS Karabiner eignet sich mit einem Mastwurf oder einem Halbmastwurf hervorragend f\u00fcr Sicherungssysteme.<\/p>\n","protected":false},"featured_media":353,"template":"","meta":[],"product_cat":[172],"product_tag":[],"_links":{"self":[{"href":"https:\/\/kronsafety.com\/shop\/wp-json\/wp\/v2\/product\/352"}],"collection":[{"href":"https:\/\/kronsafety.com\/shop\/wp-json\/wp\/v2\/product"}],"about":[{"href":"https:\/\/kronsafety.com\/shop\/wp-json\/wp\/v2\/types\/product"}],"wp:featuredmedia":[{"embeddable":true,"href":"https:\/\/kronsafety.com\/shop\/wp-json\/wp\/v2\/media\/353"}],"wp:attachment":[{"href":"https:\/\/kronsafety.com\/shop\/wp-json\/wp\/v2\/media?parent=352"}],"wp:term":[{"taxonomy":"product_cat","embeddable":true,"href":"https:\/\/kronsafety.com\/shop\/wp-json\/wp\/v2\/product_cat?post=352"},{"taxonomy":"product_tag","embeddable":true,"href":"https:\/\/kronsafety.com\/shop\/wp-json\/wp\/v2\/product_tag?post=352"}],"curies":[{"name":"wp","href":"https:\/\/api.w.org\/{rel}","templated":true}]}}