{"id":378,"date":"2018-02-16T23:34:41","date_gmt":"2018-02-16T22:34:41","guid":{"rendered":"http:\/\/kronaction.com\/shop\/?post_type=product&#038;p=378"},"modified":"2018-02-16T23:34:41","modified_gmt":"2018-02-16T22:34:41","slug":"ring-open","status":"publish","type":"product","link":"https:\/\/kronsafety.com\/shop\/produkt\/ring-open\/","title":{"rendered":"Ring Open"},"content":{"rendered":"<p>Die aufschraubbare \u00d6se RING OPEN ist f\u00fcr eine dauerhafte Verbindung der Ausr\u00fcstungselemente geeignet. Sie gew\u00e4hrleistet eine optimale Funktion in allen Richtungen und verf\u00fcgt \u00fcber eine weite \u00d6ffnung zur Installation von Seilen mit vern\u00e4hten Endverbindungen.<\/p>\n","protected":false},"excerpt":{"rendered":"<p>Die aufschraubbare \u00d6se RING OPEN ist f\u00fcr eine dauerhafte Verbindung der Ausr\u00fcstungselemente geeignet. Sie gew\u00e4hrleistet eine optimale Funktion in allen Richtungen und verf\u00fcgt \u00fcber eine weite \u00d6ffnung zur Installation von Seilen mit vern\u00e4hten Endverbindungen.<\/p>\n","protected":false},"featured_media":380,"template":"","meta":[],"product_cat":[172],"product_tag":[],"_links":{"self":[{"href":"https:\/\/kronsafety.com\/shop\/wp-json\/wp\/v2\/product\/378"}],"collection":[{"href":"https:\/\/kronsafety.com\/shop\/wp-json\/wp\/v2\/product"}],"about":[{"href":"https:\/\/kronsafety.com\/shop\/wp-json\/wp\/v2\/types\/product"}],"wp:featuredmedia":[{"embeddable":true,"href":"https:\/\/kronsafety.com\/shop\/wp-json\/wp\/v2\/media\/380"}],"wp:attachment":[{"href":"https:\/\/kronsafety.com\/shop\/wp-json\/wp\/v2\/media?parent=378"}],"wp:term":[{"taxonomy":"product_cat","embeddable":true,"href":"https:\/\/kronsafety.com\/shop\/wp-json\/wp\/v2\/product_cat?post=378"},{"taxonomy":"product_tag","embeddable":true,"href":"https:\/\/kronsafety.com\/shop\/wp-json\/wp\/v2\/product_tag?post=378"}],"curies":[{"name":"wp","href":"https:\/\/api.w.org\/{rel}","templated":true}]}}