{"id":383,"date":"2018-02-16T23:54:19","date_gmt":"2018-02-16T22:54:19","guid":{"rendered":"http:\/\/kronaction.com\/shop\/?post_type=product&#038;p=383"},"modified":"2018-02-16T23:54:19","modified_gmt":"2018-02-16T22:54:19","slug":"queedy","status":"publish","type":"product","link":"https:\/\/kronsafety.com\/shop\/produkt\/queedy\/","title":{"rendered":"Queedy"},"content":{"rendered":"<p>Haken mit gro\u00dfer \u00d6ffnung f\u00fcr Arbeiten an Ger\u00fcsten und Stahlkonstruktionen. An normalen Bauger\u00fcsten eignet sich das kleinere Modell.<\/p>\n","protected":false},"excerpt":{"rendered":"<p>Haken mit gro\u00dfer \u00d6ffnung f\u00fcr Arbeiten an Ger\u00fcsten und Stahlkonstruktionen. An normalen Bauger\u00fcsten eignet sich das kleinere Modell.<\/p>\n","protected":false},"featured_media":386,"template":"","meta":[],"product_cat":[172],"product_tag":[],"_links":{"self":[{"href":"https:\/\/kronsafety.com\/shop\/wp-json\/wp\/v2\/product\/383"}],"collection":[{"href":"https:\/\/kronsafety.com\/shop\/wp-json\/wp\/v2\/product"}],"about":[{"href":"https:\/\/kronsafety.com\/shop\/wp-json\/wp\/v2\/types\/product"}],"wp:featuredmedia":[{"embeddable":true,"href":"https:\/\/kronsafety.com\/shop\/wp-json\/wp\/v2\/media\/386"}],"wp:attachment":[{"href":"https:\/\/kronsafety.com\/shop\/wp-json\/wp\/v2\/media?parent=383"}],"wp:term":[{"taxonomy":"product_cat","embeddable":true,"href":"https:\/\/kronsafety.com\/shop\/wp-json\/wp\/v2\/product_cat?post=383"},{"taxonomy":"product_tag","embeddable":true,"href":"https:\/\/kronsafety.com\/shop\/wp-json\/wp\/v2\/product_tag?post=383"}],"curies":[{"name":"wp","href":"https:\/\/api.w.org\/{rel}","templated":true}]}}