{"id":387,"date":"2018-02-16T23:58:56","date_gmt":"2018-02-16T22:58:56","guid":{"rendered":"http:\/\/kronaction.com\/shop\/?post_type=product&#038;p=387"},"modified":"2018-02-16T23:58:56","modified_gmt":"2018-02-16T22:58:56","slug":"mgo-open-60","status":"publish","type":"product","link":"https:\/\/kronsafety.com\/shop\/produkt\/mgo-open-60\/","title":{"rendered":"MGO Open 60"},"content":{"rendered":"<p>Das MGO OPEN 60 ist ein Verbindungselement mit weiter Schnapper\u00f6ffnung und automatischem Verriegelungssystem zum Einh\u00e4ngen an Metallstrukturen, Drahtseilen und Gest\u00e4ngen mit gro\u00dfem Durchmesser. Es verf\u00fcgt \u00fcber eine aufschraubbare Verbindungs\u00f6se f\u00fcr die Kombination mit unterschiedlichen Arten von Verbindungsmitteln. So kann das Verbindungselement im Falle einer Besch\u00e4digung des Verbindungsmittels wieder verwendet werden.<\/p>\n","protected":false},"excerpt":{"rendered":"<p>Das MGO OPEN 60 ist ein Verbindungselement mit weiter Schnapper\u00f6ffnung und automatischem Verriegelungssystem zum Einh\u00e4ngen an Metallstrukturen, Drahtseilen und Gest\u00e4ngen mit gro\u00dfem Durchmesser. Es verf\u00fcgt \u00fcber eine aufschraubbare Verbindungs\u00f6se f\u00fcr die Kombination mit unterschiedlichen Arten von Verbindungsmitteln. So kann das Verbindungselement im Falle einer Besch\u00e4digung des Verbindungsmittels wieder verwendet werden.<\/p>\n","protected":false},"featured_media":388,"template":"","meta":[],"product_cat":[172],"product_tag":[],"_links":{"self":[{"href":"https:\/\/kronsafety.com\/shop\/wp-json\/wp\/v2\/product\/387"}],"collection":[{"href":"https:\/\/kronsafety.com\/shop\/wp-json\/wp\/v2\/product"}],"about":[{"href":"https:\/\/kronsafety.com\/shop\/wp-json\/wp\/v2\/types\/product"}],"wp:featuredmedia":[{"embeddable":true,"href":"https:\/\/kronsafety.com\/shop\/wp-json\/wp\/v2\/media\/388"}],"wp:attachment":[{"href":"https:\/\/kronsafety.com\/shop\/wp-json\/wp\/v2\/media?parent=387"}],"wp:term":[{"taxonomy":"product_cat","embeddable":true,"href":"https:\/\/kronsafety.com\/shop\/wp-json\/wp\/v2\/product_cat?post=387"},{"taxonomy":"product_tag","embeddable":true,"href":"https:\/\/kronsafety.com\/shop\/wp-json\/wp\/v2\/product_tag?post=387"}],"curies":[{"name":"wp","href":"https:\/\/api.w.org\/{rel}","templated":true}]}}