{"id":389,"date":"2018-02-17T00:07:25","date_gmt":"2018-02-16T23:07:25","guid":{"rendered":"http:\/\/kronaction.com\/shop\/?post_type=product&#038;p=389"},"modified":"2018-02-17T00:07:25","modified_gmt":"2018-02-16T23:07:25","slug":"string","status":"publish","type":"product","link":"https:\/\/kronsafety.com\/shop\/produkt\/string\/","title":{"rendered":"String"},"content":{"rendered":"<p>Das STRING-Element hat zwei Funktionen: Es h\u00e4lt den Karabiner in der richtigen Position und es sch\u00fctzt einen relativ gro\u00dfen Bereich der Schlinge vor Abrieb.<\/p>\n","protected":false},"excerpt":{"rendered":"<p>Das STRING-Element hat zwei Funktionen: Es h\u00e4lt den Karabiner in der richtigen Position und es sch\u00fctzt einen relativ gro\u00dfen Bereich der Schlinge vor Abrieb.<\/p>\n","protected":false},"featured_media":393,"template":"","meta":[],"product_cat":[172],"product_tag":[],"_links":{"self":[{"href":"https:\/\/kronsafety.com\/shop\/wp-json\/wp\/v2\/product\/389"}],"collection":[{"href":"https:\/\/kronsafety.com\/shop\/wp-json\/wp\/v2\/product"}],"about":[{"href":"https:\/\/kronsafety.com\/shop\/wp-json\/wp\/v2\/types\/product"}],"wp:featuredmedia":[{"embeddable":true,"href":"https:\/\/kronsafety.com\/shop\/wp-json\/wp\/v2\/media\/393"}],"wp:attachment":[{"href":"https:\/\/kronsafety.com\/shop\/wp-json\/wp\/v2\/media?parent=389"}],"wp:term":[{"taxonomy":"product_cat","embeddable":true,"href":"https:\/\/kronsafety.com\/shop\/wp-json\/wp\/v2\/product_cat?post=389"},{"taxonomy":"product_tag","embeddable":true,"href":"https:\/\/kronsafety.com\/shop\/wp-json\/wp\/v2\/product_tag?post=389"}],"curies":[{"name":"wp","href":"https:\/\/api.w.org\/{rel}","templated":true}]}}