{"id":398,"date":"2020-04-16T00:00:13","date_gmt":"2020-04-15T22:00:13","guid":{"rendered":"http:\/\/kronaction.com\/shop\/?post_type=product&#038;p=398"},"modified":"2020-04-16T12:55:13","modified_gmt":"2020-04-16T10:55:13","slug":"id-s","status":"publish","type":"product","link":"https:\/\/kronsafety.com\/shop\/produkt\/id-s\/","title":{"rendered":"Abseilger\u00e4t I\u00b4D S"},"content":{"rendered":"<p>Das selbstbremsende Abseilger\u00e4t I&#8217;D S ist vorwiegend f\u00fcr die H\u00f6henarbeit und f\u00fcr schwer zug\u00e4ngliche Bereiche bestimmt. Es verf\u00fcgt \u00fcber einen ergonomisch geformten Hebel, mit dem sich der Abseilvorgang bequem steuern l\u00e4sst. Die integrierte Anti-Panik-Funktion und die Sicherheitssperre reduzieren das Unfallrisiko im Falle eines Bedienungsfehlers. Das AUTO-LOCK-System erm\u00f6glicht es dem Anwender, sich am Arbeitsplatz zu positionieren, ohne den Hebel bet\u00e4tigen und das Ger\u00e4t abbinden zu m\u00fcssen. Nach der Blockierung kann ohne Bet\u00e4tigung des Hebels Seil eingezogen werden. Der Sicherheitsclip erm\u00f6glicht es, das Ger\u00e4t beim Einlegen des Seils am Gurt eingeh\u00e4ngt zu lassen. Das I&#8217;D S-Abseilger\u00e4t ist f\u00fcr Seile mit einem Durchmesser von 10 bis 11,5 mm geeignet und erm\u00f6glicht das Handling von Lasten bis zu 250 kg.<\/p>\n","protected":false},"excerpt":{"rendered":"<p>Das selbstbremsende Abseilger\u00e4t I&#8217;D S ist vorwiegend f\u00fcr die H\u00f6henarbeit und f\u00fcr schwer zug\u00e4ngliche Bereiche bestimmt. Es verf\u00fcgt \u00fcber einen ergonomisch geformten Hebel, mit dem sich der Abseilvorgang bequem steuern l\u00e4sst. Die integrierte Anti-Panik-Funktion und die Sicherheitssperre reduzieren das Unfallrisiko im Falle eines Bedienungsfehlers. Das AUTO-LOCK-System erm\u00f6glicht es dem Anwender, sich am Arbeitsplatz zu positionieren, [&hellip;]<\/p>\n","protected":false},"featured_media":1231,"template":"","meta":[],"product_cat":[191,192],"product_tag":[],"_links":{"self":[{"href":"https:\/\/kronsafety.com\/shop\/wp-json\/wp\/v2\/product\/398"}],"collection":[{"href":"https:\/\/kronsafety.com\/shop\/wp-json\/wp\/v2\/product"}],"about":[{"href":"https:\/\/kronsafety.com\/shop\/wp-json\/wp\/v2\/types\/product"}],"wp:featuredmedia":[{"embeddable":true,"href":"https:\/\/kronsafety.com\/shop\/wp-json\/wp\/v2\/media\/1231"}],"wp:attachment":[{"href":"https:\/\/kronsafety.com\/shop\/wp-json\/wp\/v2\/media?parent=398"}],"wp:term":[{"taxonomy":"product_cat","embeddable":true,"href":"https:\/\/kronsafety.com\/shop\/wp-json\/wp\/v2\/product_cat?post=398"},{"taxonomy":"product_tag","embeddable":true,"href":"https:\/\/kronsafety.com\/shop\/wp-json\/wp\/v2\/product_tag?post=398"}],"curies":[{"name":"wp","href":"https:\/\/api.w.org\/{rel}","templated":true}]}}