{"id":406,"date":"2018-02-18T23:08:24","date_gmt":"2018-02-18T22:08:24","guid":{"rendered":"http:\/\/kronaction.com\/shop\/?post_type=product&#038;p=406"},"modified":"2020-04-16T10:03:51","modified_gmt":"2020-04-16T08:03:51","slug":"kes-1","status":"publish","type":"product","link":"https:\/\/kronsafety.com\/shop\/produkt\/kes-1\/","title":{"rendered":"Kes-1"},"content":{"rendered":"<p>Automatisches Abseilger\u00e4t mit zwei Fliehkraftbremsen.<\/p>\n<p>KES-1 wurde speziell f\u00fcr professionelle Anwender &#8211; z.B. Feuerwehr, H\u00f6henrettung, Industriekletterer \u2013 entwickelt.<br \/>\nF\u00fcr eine schnelle Evakuierung kann das Ger\u00e4t im Pendelverkehr verwendet werden. Automatische Abseilgeschwindigkeit von 0,8m \/ Sekunde. An den Augenschrauben kann das Seil bei Bedarf umgelenkt werden, um die Abseilgeschwindigkeit manuell zu regulieren.<\/p>\n<p>Das Ger\u00e4t wird mit der erforderlichen Seill\u00e4nge, inklusive Karabiner, fertig konfektioniert geliefert. Auf Wunsch auch vakuumversiegelt lieferbar.<\/p>\n","protected":false},"excerpt":{"rendered":"<p>Automatisches Abseilger\u00e4t mit zwei Fliehkraftbremsen. KES-1 wurde speziell f\u00fcr professionelle Anwender &#8211; z.B. Feuerwehr, H\u00f6henrettung, Industriekletterer \u2013 entwickelt. F\u00fcr eine schnelle Evakuierung kann das Ger\u00e4t im Pendelverkehr verwendet werden. Automatische Abseilgeschwindigkeit von 0,8m \/ Sekunde. An den Augenschrauben kann das Seil bei Bedarf umgelenkt werden, um die Abseilgeschwindigkeit manuell zu regulieren. Das Ger\u00e4t wird mit [&hellip;]<\/p>\n","protected":false},"featured_media":410,"template":"","meta":[],"product_cat":[191,434],"product_tag":[],"_links":{"self":[{"href":"https:\/\/kronsafety.com\/shop\/wp-json\/wp\/v2\/product\/406"}],"collection":[{"href":"https:\/\/kronsafety.com\/shop\/wp-json\/wp\/v2\/product"}],"about":[{"href":"https:\/\/kronsafety.com\/shop\/wp-json\/wp\/v2\/types\/product"}],"wp:featuredmedia":[{"embeddable":true,"href":"https:\/\/kronsafety.com\/shop\/wp-json\/wp\/v2\/media\/410"}],"wp:attachment":[{"href":"https:\/\/kronsafety.com\/shop\/wp-json\/wp\/v2\/media?parent=406"}],"wp:term":[{"taxonomy":"product_cat","embeddable":true,"href":"https:\/\/kronsafety.com\/shop\/wp-json\/wp\/v2\/product_cat?post=406"},{"taxonomy":"product_tag","embeddable":true,"href":"https:\/\/kronsafety.com\/shop\/wp-json\/wp\/v2\/product_tag?post=406"}],"curies":[{"name":"wp","href":"https:\/\/api.w.org\/{rel}","templated":true}]}}