{"id":416,"date":"2018-02-18T23:27:13","date_gmt":"2018-02-18T22:27:13","guid":{"rendered":"http:\/\/kronaction.com\/shop\/?post_type=product&#038;p=416"},"modified":"2020-04-16T11:02:57","modified_gmt":"2020-04-16T09:02:57","slug":"exo","status":"publish","type":"product","link":"https:\/\/kronsafety.com\/shop\/produkt\/exo\/","title":{"rendered":"Rettungsger\u00e4t EXO EASHOOK 15M mit Tasche"},"content":{"rendered":"<p>Das EXO EASHOOK ist ein pers\u00f6nliches Rettungssystem mit einem bedienungsfreundlichen EASHOOK-Karabiner. Es verf\u00fcgt \u00fcber ein selbstbremsendes System, um schnell Seil auszugeben, die Abseilfahrt zu steuern und zu stoppen und bei einem Sturz den Aufprall zu reduzieren. Der offene Umlenkpunkt gew\u00e4hrleistet die Seilf\u00fchrung beim Abseilen und erm\u00f6glicht die Freigabe des Seils f\u00fcr den Aufstieg am Seil \u00fcber eine kurze Strecke. Das EXO EASHOOK beinhaltet zudem ein abriebfestes, temperaturbest\u00e4ndiges Seil, ein Am&#8217;D-Verbindungselement mit CAPTIV-Positionierungsb\u00fcgel sowie einen Beutel zum Transportieren und zum Befestigen des Systems direkt am Gurt. Weitere Seill\u00e4ngen sind auf Sonderbestellung erh\u00e4ltlich.<\/p>\n","protected":false},"excerpt":{"rendered":"<p>Das EXO EASHOOK ist ein pers\u00f6nliches Rettungssystem mit einem bedienungsfreundlichen EASHOOK-Karabiner. Es verf\u00fcgt \u00fcber ein selbstbremsendes System, um schnell Seil auszugeben, die Abseilfahrt zu steuern und zu stoppen und bei einem Sturz den Aufprall zu reduzieren. Der offene Umlenkpunkt gew\u00e4hrleistet die Seilf\u00fchrung beim Abseilen und erm\u00f6glicht die Freigabe des Seils f\u00fcr den Aufstieg am Seil [&hellip;]<\/p>\n","protected":false},"featured_media":1250,"template":"","meta":[],"product_cat":[191,434],"product_tag":[],"_links":{"self":[{"href":"https:\/\/kronsafety.com\/shop\/wp-json\/wp\/v2\/product\/416"}],"collection":[{"href":"https:\/\/kronsafety.com\/shop\/wp-json\/wp\/v2\/product"}],"about":[{"href":"https:\/\/kronsafety.com\/shop\/wp-json\/wp\/v2\/types\/product"}],"wp:featuredmedia":[{"embeddable":true,"href":"https:\/\/kronsafety.com\/shop\/wp-json\/wp\/v2\/media\/1250"}],"wp:attachment":[{"href":"https:\/\/kronsafety.com\/shop\/wp-json\/wp\/v2\/media?parent=416"}],"wp:term":[{"taxonomy":"product_cat","embeddable":true,"href":"https:\/\/kronsafety.com\/shop\/wp-json\/wp\/v2\/product_cat?post=416"},{"taxonomy":"product_tag","embeddable":true,"href":"https:\/\/kronsafety.com\/shop\/wp-json\/wp\/v2\/product_tag?post=416"}],"curies":[{"name":"wp","href":"https:\/\/api.w.org\/{rel}","templated":true}]}}