{"id":418,"date":"2018-02-18T23:30:50","date_gmt":"2018-02-18T22:30:50","guid":{"rendered":"http:\/\/kronaction.com\/shop\/?post_type=product&#038;p=418"},"modified":"2020-04-16T07:22:23","modified_gmt":"2020-04-16T05:22:23","slug":"actsafe-pmx-4-takt-motorwinde-mit-benzinantrieb","status":"publish","type":"product","link":"https:\/\/kronsafety.com\/shop\/produkt\/actsafe-pmx-4-takt-motorwinde-mit-benzinantrieb\/","title":{"rendered":"Actsafe PMX &#8211; 4 Takt Motorwinde mit Benzinantrieb"},"content":{"rendered":"<p>Die ActSafe Motorwinde PMX ist eine \u00e4usserst innovative Winde f\u00fcr Personen- und Lastentransporte auf dem Markt. Die neue PMX verf\u00fcgt neben den neuesten Sicherheitsfeatures wie dem patentierten Seilaufnamesystem auch erstmals eine Funktion f\u00fcr den Abstieg am Seil ohne Umbau! Sie ist \u00e4u\u00dferst flexibel einsetzbar und leicht mitzunehmen.<\/p>\n<ul>\n<li>Aufstiegsgeschwindigkeit: 0-17 m\/min bei 100 kg Last<\/li>\n<li>Abstiegsgeschwindigkeit: max. 30 m\/min<\/li>\n<\/ul>\n","protected":false},"excerpt":{"rendered":"<p>Die ActSafe Motorwinde PMX ist eine \u00e4usserst innovative Winde f\u00fcr Personen- und Lastentransporte auf dem Markt. Die neue PMX verf\u00fcgt neben den neuesten Sicherheitsfeatures wie dem patentierten Seilaufnamesystem auch erstmals eine Funktion f\u00fcr den Abstieg am Seil ohne Umbau! Sie ist \u00e4u\u00dferst flexibel einsetzbar und leicht mitzunehmen. Aufstiegsgeschwindigkeit: 0-17 m\/min bei 100 kg Last Abstiegsgeschwindigkeit: [&hellip;]<\/p>\n","protected":false},"featured_media":419,"template":"","meta":[],"product_cat":[426],"product_tag":[],"_links":{"self":[{"href":"https:\/\/kronsafety.com\/shop\/wp-json\/wp\/v2\/product\/418"}],"collection":[{"href":"https:\/\/kronsafety.com\/shop\/wp-json\/wp\/v2\/product"}],"about":[{"href":"https:\/\/kronsafety.com\/shop\/wp-json\/wp\/v2\/types\/product"}],"wp:featuredmedia":[{"embeddable":true,"href":"https:\/\/kronsafety.com\/shop\/wp-json\/wp\/v2\/media\/419"}],"wp:attachment":[{"href":"https:\/\/kronsafety.com\/shop\/wp-json\/wp\/v2\/media?parent=418"}],"wp:term":[{"taxonomy":"product_cat","embeddable":true,"href":"https:\/\/kronsafety.com\/shop\/wp-json\/wp\/v2\/product_cat?post=418"},{"taxonomy":"product_tag","embeddable":true,"href":"https:\/\/kronsafety.com\/shop\/wp-json\/wp\/v2\/product_tag?post=418"}],"curies":[{"name":"wp","href":"https:\/\/api.w.org\/{rel}","templated":true}]}}