{"id":420,"date":"2018-02-18T23:35:44","date_gmt":"2018-02-18T22:35:44","guid":{"rendered":"http:\/\/kronaction.com\/shop\/?post_type=product&#038;p=420"},"modified":"2020-04-16T13:13:55","modified_gmt":"2020-04-16T11:13:55","slug":"totem","status":"publish","type":"product","link":"https:\/\/kronsafety.com\/shop\/produkt\/totem\/","title":{"rendered":"Totem"},"content":{"rendered":"<p>Modulares Gleit-Bremssystem, erm\u00f6glicht den direkten Durchlauf der Verbindungsknoten.<br \/>\nIdeal f\u00fcr jeglichen Einsatzbereich, besonders f\u00fcr die &#8222;gro\u00dfen Abstiege&#8220;.<br \/>\nLeicht, platzsparend und einfach zu benutzen, einfache Anbringung an jeglichem Ankertyp.<\/p>\n","protected":false},"excerpt":{"rendered":"<p>Modulares Gleit-Bremssystem, erm\u00f6glicht den direkten Durchlauf der Verbindungsknoten. Ideal f\u00fcr jeglichen Einsatzbereich, besonders f\u00fcr die &#8222;gro\u00dfen Abstiege&#8220;. Leicht, platzsparend und einfach zu benutzen, einfache Anbringung an jeglichem Ankertyp.<\/p>\n","protected":false},"featured_media":422,"template":"","meta":[],"product_cat":[191,224],"product_tag":[],"_links":{"self":[{"href":"https:\/\/kronsafety.com\/shop\/wp-json\/wp\/v2\/product\/420"}],"collection":[{"href":"https:\/\/kronsafety.com\/shop\/wp-json\/wp\/v2\/product"}],"about":[{"href":"https:\/\/kronsafety.com\/shop\/wp-json\/wp\/v2\/types\/product"}],"wp:featuredmedia":[{"embeddable":true,"href":"https:\/\/kronsafety.com\/shop\/wp-json\/wp\/v2\/media\/422"}],"wp:attachment":[{"href":"https:\/\/kronsafety.com\/shop\/wp-json\/wp\/v2\/media?parent=420"}],"wp:term":[{"taxonomy":"product_cat","embeddable":true,"href":"https:\/\/kronsafety.com\/shop\/wp-json\/wp\/v2\/product_cat?post=420"},{"taxonomy":"product_tag","embeddable":true,"href":"https:\/\/kronsafety.com\/shop\/wp-json\/wp\/v2\/product_tag?post=420"}],"curies":[{"name":"wp","href":"https:\/\/api.w.org\/{rel}","templated":true}]}}