{"id":423,"date":"2018-02-18T23:38:25","date_gmt":"2018-02-18T22:38:25","guid":{"rendered":"http:\/\/kronaction.com\/shop\/?post_type=product&#038;p=423"},"modified":"2018-02-18T23:38:25","modified_gmt":"2018-02-18T22:38:25","slug":"big-8","status":"publish","type":"product","link":"https:\/\/kronsafety.com\/shop\/produkt\/big-8\/","title":{"rendered":"Big-8"},"content":{"rendered":"<p>Abseilachter Big 8 Alu mit Ohren um ein \u00dcberschlagen vom Seil zu verhindern. F\u00fcr Seildurchmesser von 9 &#8211; 16 mm, speziell f\u00fcr das Abseilen von Lasten und f\u00fcr Rettungseins\u00e4tze geeignet.<\/p>\n","protected":false},"excerpt":{"rendered":"<p>Abseilachter Big 8 Alu mit Ohren um ein \u00dcberschlagen vom Seil zu verhindern. F\u00fcr Seildurchmesser von 9 &#8211; 16 mm, speziell f\u00fcr das Abseilen von Lasten und f\u00fcr Rettungseins\u00e4tze geeignet.<\/p>\n","protected":false},"featured_media":424,"template":"","meta":[],"product_cat":[191,224],"product_tag":[],"_links":{"self":[{"href":"https:\/\/kronsafety.com\/shop\/wp-json\/wp\/v2\/product\/423"}],"collection":[{"href":"https:\/\/kronsafety.com\/shop\/wp-json\/wp\/v2\/product"}],"about":[{"href":"https:\/\/kronsafety.com\/shop\/wp-json\/wp\/v2\/types\/product"}],"wp:featuredmedia":[{"embeddable":true,"href":"https:\/\/kronsafety.com\/shop\/wp-json\/wp\/v2\/media\/424"}],"wp:attachment":[{"href":"https:\/\/kronsafety.com\/shop\/wp-json\/wp\/v2\/media?parent=423"}],"wp:term":[{"taxonomy":"product_cat","embeddable":true,"href":"https:\/\/kronsafety.com\/shop\/wp-json\/wp\/v2\/product_cat?post=423"},{"taxonomy":"product_tag","embeddable":true,"href":"https:\/\/kronsafety.com\/shop\/wp-json\/wp\/v2\/product_tag?post=423"}],"curies":[{"name":"wp","href":"https:\/\/api.w.org\/{rel}","templated":true}]}}