{"id":429,"date":"2018-02-18T23:53:18","date_gmt":"2018-02-18T22:53:18","guid":{"rendered":"http:\/\/kronaction.com\/shop\/?post_type=product&#038;p=429"},"modified":"2018-02-18T23:53:18","modified_gmt":"2018-02-18T22:53:18","slug":"futura-hand","status":"publish","type":"product","link":"https:\/\/kronsafety.com\/shop\/produkt\/futura-hand\/","title":{"rendered":"Futura Hand"},"content":{"rendered":"<p>Die Steigklemme ist mit einem Gewicht von nur 125g extrem leicht und ist auch f\u00fcr d\u00fcnne Seile mit einem Durchmesser von 8-12,7mm geeignet. Ein weiterer Vorteil der Futura Hand ist das ergonomische Design mit den auswechselbaren Handgriffen, sodass auch kleine H\u00e4nde ausreichend Halt finden. Au\u00dferdem gibt es die Steigklemme f\u00fcr die rechte und f\u00fcr die linke Hand, wodurch jeder seinen bevorzugten Arm benutzen kann. Die Kong Futura Handsteigklemme besteht aus robustem Aluminium und an dem Loch mit einem Durchmesser von 14mm kann problemlos auch ein gro\u00dfer Karabiner befestigt werden.<\/p>\n","protected":false},"excerpt":{"rendered":"<p>Die Steigklemme ist mit einem Gewicht von nur 125g extrem leicht und ist auch f\u00fcr d\u00fcnne Seile mit einem Durchmesser von 8-12,7mm geeignet. Ein weiterer Vorteil der Futura Hand ist das ergonomische Design mit den auswechselbaren Handgriffen, sodass auch kleine H\u00e4nde ausreichend Halt finden. Au\u00dferdem gibt es die Steigklemme f\u00fcr die rechte und f\u00fcr die [&hellip;]<\/p>\n","protected":false},"featured_media":432,"template":"","meta":[],"product_cat":[233,234],"product_tag":[],"_links":{"self":[{"href":"https:\/\/kronsafety.com\/shop\/wp-json\/wp\/v2\/product\/429"}],"collection":[{"href":"https:\/\/kronsafety.com\/shop\/wp-json\/wp\/v2\/product"}],"about":[{"href":"https:\/\/kronsafety.com\/shop\/wp-json\/wp\/v2\/types\/product"}],"wp:featuredmedia":[{"embeddable":true,"href":"https:\/\/kronsafety.com\/shop\/wp-json\/wp\/v2\/media\/432"}],"wp:attachment":[{"href":"https:\/\/kronsafety.com\/shop\/wp-json\/wp\/v2\/media?parent=429"}],"wp:term":[{"taxonomy":"product_cat","embeddable":true,"href":"https:\/\/kronsafety.com\/shop\/wp-json\/wp\/v2\/product_cat?post=429"},{"taxonomy":"product_tag","embeddable":true,"href":"https:\/\/kronsafety.com\/shop\/wp-json\/wp\/v2\/product_tag?post=429"}],"curies":[{"name":"wp","href":"https:\/\/api.w.org\/{rel}","templated":true}]}}