{"id":441,"date":"2018-02-19T01:06:44","date_gmt":"2018-02-19T00:06:44","guid":{"rendered":"http:\/\/kronaction.com\/shop\/?post_type=product&#038;p=441"},"modified":"2018-02-19T01:06:44","modified_gmt":"2018-02-19T00:06:44","slug":"tibloc","status":"publish","type":"product","link":"https:\/\/kronsafety.com\/shop\/produkt\/tibloc\/","title":{"rendered":"Tibloc"},"content":{"rendered":"<p>Ultraleichte, kompakte Seilklemme f\u00fcr kurze Aufstiege am Seil, zum Einrichten eines Flaschenzugs oder als Ersatz f\u00fcr einen Klemmknoten bei der Selbstrettung. Die TIBLOC verf\u00fcgt \u00fcber ein System, das den Karabiner automatisch am Seil fixiert, sodass sie direkt am Seil greift.<\/p>\n","protected":false},"excerpt":{"rendered":"<p>Ultraleichte, kompakte Seilklemme f\u00fcr kurze Aufstiege am Seil, zum Einrichten eines Flaschenzugs oder als Ersatz f\u00fcr einen Klemmknoten bei der Selbstrettung. Die TIBLOC verf\u00fcgt \u00fcber ein System, das den Karabiner automatisch am Seil fixiert, sodass sie direkt am Seil greift.<\/p>\n","protected":false},"featured_media":442,"template":"","meta":[],"product_cat":[233,234],"product_tag":[],"_links":{"self":[{"href":"https:\/\/kronsafety.com\/shop\/wp-json\/wp\/v2\/product\/441"}],"collection":[{"href":"https:\/\/kronsafety.com\/shop\/wp-json\/wp\/v2\/product"}],"about":[{"href":"https:\/\/kronsafety.com\/shop\/wp-json\/wp\/v2\/types\/product"}],"wp:featuredmedia":[{"embeddable":true,"href":"https:\/\/kronsafety.com\/shop\/wp-json\/wp\/v2\/media\/442"}],"wp:attachment":[{"href":"https:\/\/kronsafety.com\/shop\/wp-json\/wp\/v2\/media?parent=441"}],"wp:term":[{"taxonomy":"product_cat","embeddable":true,"href":"https:\/\/kronsafety.com\/shop\/wp-json\/wp\/v2\/product_cat?post=441"},{"taxonomy":"product_tag","embeddable":true,"href":"https:\/\/kronsafety.com\/shop\/wp-json\/wp\/v2\/product_tag?post=441"}],"curies":[{"name":"wp","href":"https:\/\/api.w.org\/{rel}","templated":true}]}}