{"id":443,"date":"2018-02-19T01:13:35","date_gmt":"2018-02-19T00:13:35","guid":{"rendered":"http:\/\/kronaction.com\/shop\/?post_type=product&#038;p=443"},"modified":"2018-02-19T01:13:35","modified_gmt":"2018-02-19T00:13:35","slug":"lift","status":"publish","type":"product","link":"https:\/\/kronsafety.com\/shop\/produkt\/lift\/","title":{"rendered":"Lift"},"content":{"rendered":"<p>Lift ist eine Handsteigklemme, die einen leichten Aufstieg am Seil erm\u00f6glicht. Wird die Klemme am Seil nach oben geschoben \u00f6ffnet sich der Klemmkeil, zieht man sie dagegen nach unten wird der Keil zuverl\u00e4ssig geschlossen. Dadurch kann mit bereits geringem Kraftaufwand ein schneller Aufstieg am Seil realisiert werden. An verschiedenen \u00d6sen kann beispielsweise eine Trittschlaufe oder Selbstsicherung befestigt werden. Die Handsteigklemme ist f\u00fcr Seile von 8-13mm geeignet.<\/p>\n<p>Es ist wahlweise die Rechtshand- oder Linkshand Version erh\u00e4ltlich.<\/p>\n","protected":false},"excerpt":{"rendered":"<p>Lift ist eine Handsteigklemme, die einen leichten Aufstieg am Seil erm\u00f6glicht. Wird die Klemme am Seil nach oben geschoben \u00f6ffnet sich der Klemmkeil, zieht man sie dagegen nach unten wird der Keil zuverl\u00e4ssig geschlossen. Dadurch kann mit bereits geringem Kraftaufwand ein schneller Aufstieg am Seil realisiert werden. An verschiedenen \u00d6sen kann beispielsweise eine Trittschlaufe oder [&hellip;]<\/p>\n","protected":false},"featured_media":445,"template":"","meta":[],"product_cat":[233,234],"product_tag":[],"_links":{"self":[{"href":"https:\/\/kronsafety.com\/shop\/wp-json\/wp\/v2\/product\/443"}],"collection":[{"href":"https:\/\/kronsafety.com\/shop\/wp-json\/wp\/v2\/product"}],"about":[{"href":"https:\/\/kronsafety.com\/shop\/wp-json\/wp\/v2\/types\/product"}],"wp:featuredmedia":[{"embeddable":true,"href":"https:\/\/kronsafety.com\/shop\/wp-json\/wp\/v2\/media\/445"}],"wp:attachment":[{"href":"https:\/\/kronsafety.com\/shop\/wp-json\/wp\/v2\/media?parent=443"}],"wp:term":[{"taxonomy":"product_cat","embeddable":true,"href":"https:\/\/kronsafety.com\/shop\/wp-json\/wp\/v2\/product_cat?post=443"},{"taxonomy":"product_tag","embeddable":true,"href":"https:\/\/kronsafety.com\/shop\/wp-json\/wp\/v2\/product_tag?post=443"}],"curies":[{"name":"wp","href":"https:\/\/api.w.org\/{rel}","templated":true}]}}